{"id":1083,"date":"2018-10-05T16:08:04","date_gmt":"2018-10-05T19:08:04","guid":{"rendered":"https:\/\/etlp-bue.infd.edu.ar\/sitio\/?page_id=1083"},"modified":"2025-07-04T11:58:20","modified_gmt":"2025-07-04T14:58:20","slug":"asociacion-cooperadora","status":"publish","type":"page","link":"https:\/\/etlp-bue.infd.edu.ar\/sitio\/asociacion-cooperadora\/","title":{"rendered":"ASOCIACI\u00d3N COOPERADORA"},"content":{"rendered":"\n<p><\/p>\n\n\n<div dir=\"auto\">\n<div>\n<div dir=\"ltr\">\n<div><img decoding=\"async\" loading=\"lazy\" class=\"alignnone  wp-image-1796\" src=\"https:\/\/etlp-bue.infd.edu.ar\/sitio\/wp-content\/uploads\/2022\/02\/WhatsApp-Image-2022-02-17-at-16.10.58.jpeg\" alt=\"\" width=\"313\" height=\"139\"><\/div>\n<\/div>\n<\/div>\n<div>&nbsp;<\/div>\n<div>\n<div dir=\"ltr\">\n<div>\n<h5><strong>La Asociaci\u00f3n Cooperadora ETLP funciona activamente desde el 2011. Est\u00e1 conformada por docentes y estudiantes de la instituci\u00f3n. Es una organizaci\u00f3n que est\u00e1 siempre abierta a que cualquier persona se sume. <\/strong><\/h5>\n<h5><strong>Su comisi\u00f3n directiva administra y gestiona los ingresos y atiende las necesidades de la instituci\u00f3n en sus dos edificios: la Sede de calle 51 n\u00b0 419 y el Anexo de calle 49 esq 2. Adem\u00e1s realiza actividades recreativas abiertas para toda la comunidad.<\/strong><\/h5>\n<p><\/p>\n<\/div>\n<\/div>\n<\/div>\n<\/div>\n\n\n<figure class=\"wp-block-gallery has-nested-images columns-default is-cropped wp-block-gallery-1 is-layout-flex\">\n<figure class=\"wp-block-image size-full\"><img decoding=\"async\" loading=\"lazy\" width=\"1024\" height=\"1280\" data-id=\"3532\"  src=\"https:\/\/etlp-bue.infd.edu.ar\/sitio\/wp-content\/uploads\/2025\/07\/coope-2025.jpg\" alt=\"\" class=\"wp-image-3532\" srcset=\"https:\/\/etlp-bue.infd.edu.ar\/sitio\/wp-content\/uploads\/2025\/07\/coope-2025.jpg 1024w, https:\/\/etlp-bue.infd.edu.ar\/sitio\/wp-content\/uploads\/2025\/07\/coope-2025-800x1000.jpg 800w, https:\/\/etlp-bue.infd.edu.ar\/sitio\/wp-content\/uploads\/2025\/07\/coope-2025-768x960.jpg 768w\" sizes=\"(max-width: 1024px) 100vw, 1024px\" \/><\/figure>\n<\/figure>\n","protected":false},"excerpt":{"rendered":"<p>&nbsp; La Asociaci\u00f3n Cooperadora ETLP funciona activamente desde el 2011. Est\u00e1 conformada por docentes y estudiantes de la instituci\u00f3n. Es una organizaci\u00f3n que est\u00e1 siempre abierta a que cualquier persona se sume. Su comisi\u00f3n directiva administra y gestiona los ingresos y atiende las necesidades de la instituci\u00f3n en sus dos edificios: la Sede de calle &#8230; <a title=\"ASOCIACI\u00d3N COOPERADORA\" class=\"read-more\" href=\"https:\/\/etlp-bue.infd.edu.ar\/sitio\/asociacion-cooperadora\/\" aria-label=\"More on ASOCIACI\u00d3N COOPERADORA\">[+]<\/a><\/p>\n","protected":false},"author":47,"featured_media":0,"parent":0,"menu_order":0,"comment_status":"closed","ping_status":"closed","template":"","meta":[],"acf":[],"_links":{"self":[{"href":"https:\/\/etlp-bue.infd.edu.ar\/sitio\/wp-json\/wp\/v2\/pages\/1083"}],"collection":[{"href":"https:\/\/etlp-bue.infd.edu.ar\/sitio\/wp-json\/wp\/v2\/pages"}],"about":[{"href":"https:\/\/etlp-bue.infd.edu.ar\/sitio\/wp-json\/wp\/v2\/types\/page"}],"author":[{"embeddable":true,"href":"https:\/\/etlp-bue.infd.edu.ar\/sitio\/wp-json\/wp\/v2\/users\/47"}],"replies":[{"embeddable":true,"href":"https:\/\/etlp-bue.infd.edu.ar\/sitio\/wp-json\/wp\/v2\/comments?post=1083"}],"version-history":[{"count":17,"href":"https:\/\/etlp-bue.infd.edu.ar\/sitio\/wp-json\/wp\/v2\/pages\/1083\/revisions"}],"predecessor-version":[{"id":3533,"href":"https:\/\/etlp-bue.infd.edu.ar\/sitio\/wp-json\/wp\/v2\/pages\/1083\/revisions\/3533"}],"wp:attachment":[{"href":"https:\/\/etlp-bue.infd.edu.ar\/sitio\/wp-json\/wp\/v2\/media?parent=1083"}],"curies":[{"name":"wp","href":"https:\/\/api.w.org\/{rel}","templated":true}]}}