{"id":1331,"date":"2020-03-19T00:27:00","date_gmt":"2020-03-19T03:27:00","guid":{"rendered":"https:\/\/etlp-bue.infd.edu.ar\/sitio\/?page_id=1331"},"modified":"2026-04-27T14:16:01","modified_gmt":"2026-04-27T17:16:01","slug":"solicitud-de-equivalencia","status":"publish","type":"page","link":"https:\/\/etlp-bue.infd.edu.ar\/sitio\/solicitud-de-equivalencia\/","title":{"rendered":"SOLICITUD DE EQUIVALENCIA"},"content":{"rendered":"\n<p class=\"has-large-font-size\"><strong>FORMULARIOS &#8211; SOLICITUD DE EQUIVALENCIAS<\/strong> &#x1f447;<\/p>\n\n\n\n<div class=\"wp-block-buttons is-content-justification-center is-layout-flex wp-container-1\">\n<div class=\"wp-block-button\"><a class=\"wp-block-button__link has-background wp-element-button\" href=\"https:\/\/docs.google.com\/forms\/d\/e\/1FAIpQLSfhdYOgBcYoD87iZc-y6jNihKXid5loF0s7QM4H7dBUuOReSw\/viewform\" style=\"border-radius:100px;background-color:#bf1f8c\">Formulario equivalencia AUTOM\u00c1TICA INTERNA<\/a><\/div>\n\n\n\n<div class=\"wp-block-button\"><a class=\"wp-block-button__link has-background wp-element-button\" href=\"https:\/\/docs.google.com\/document\/d\/1zf84VuP5KUNt2XwIaVIC3XhcrGm30Plr\/edit\" style=\"background-color:#118b2b\">Planilla equivalencia GENERAL<\/a><\/div>\n\n\n\n<div class=\"wp-block-button\"><a class=\"wp-block-button__link has-accent-background-color has-background has-text-align-left wp-element-button\" href=\"https:\/\/docs.google.com\/document\/d\/1zf84VuP5KUNt2XwIaVIC3XhcrGm30Plr\/edit\">Planilla equivalencia AUTOM\u00c1TICA <strong>EXTERNA<\/strong><\/a><\/div>\n<\/div>\n\n\n\n<h2 class=\"wp-block-heading\">\u00bfQu\u00e9 son las equivalencias?&nbsp;<\/h2>\n\n\n\n<p>&nbsp;Denominamos EQUIVALENCIA al acto administrativo por el cual una unidad curricular (materia) aprobada en la ETLP o en otra&nbsp; Instituci\u00f3n de Nivel Superior o&nbsp; Universidad,&nbsp; puede ser acreditada en reemplazo de otra que forma parte del plan de estudios de la carrera que te encontras cursando.&nbsp;&nbsp;<\/p>\n\n\n\n<p>La Resoluci\u00f3n 4196\/24 establece que&nbsp; las unidades curriculares acreditadas no pierden vigencia, por lo tanto, se pueden pedir equivalencias sin tener en cuenta la fecha en la que se aprob\u00f3 el examen final.<\/p>\n\n\n\n<h2 class=\"wp-block-heading\">\u00bfCu\u00e1les son las condiciones para solicitar equivalencia?<\/h2>\n\n\n\n<ul>\n<li>Ser estudiante regular de la ETLP&nbsp; habiendo realizado la matriculaci\u00f3n y\/o inscripci\u00f3n&nbsp; al inicio del ciclo lectivo en curso de al menos un espacio curricular de la carrera en la que se inscribi\u00f3 o, habiendo acreditado espacios en Mesas de Examen Final en alguno de sus turnos. Se deber\u00e1 de acuerdo a normativa, iniciar las cursadas de las equivalencias solicitadas hasta tanto obtener su resoluci\u00f3n.<\/li>\n\n\n\n<li>Haber acreditado en otra carrera una materia con contenidos equivalentes&nbsp;<\/li>\n<\/ul>\n\n\n\n<h4 class=\"wp-block-heading\"><strong>\u00bfQu\u00e9 tipos de equivalencia hay y c\u00f3mo las solicito?&nbsp;<\/strong><\/h4>\n\n\n\n<figure class=\"wp-block-image size-medium\"><img decoding=\"async\" loading=\"lazy\" width=\"800\" height=\"1000\" src=\"https:\/\/etlp-bue.infd.edu.ar\/sitio\/wp-content\/uploads\/2026\/02\/AUTOMATICA-INTERNA-800x1000.png\" alt=\"\" class=\"wp-image-3744\" srcset=\"https:\/\/etlp-bue.infd.edu.ar\/sitio\/wp-content\/uploads\/2026\/02\/AUTOMATICA-INTERNA-800x1000.png 800w, https:\/\/etlp-bue.infd.edu.ar\/sitio\/wp-content\/uploads\/2026\/02\/AUTOMATICA-INTERNA-768x960.png 768w, https:\/\/etlp-bue.infd.edu.ar\/sitio\/wp-content\/uploads\/2026\/02\/AUTOMATICA-INTERNA.png 1080w\" sizes=\"(max-width: 800px) 100vw, 800px\" \/><\/figure>\n\n\n\n<p>&#x1f4cc; <strong>A.&nbsp; EQUIVALENCIA \u201cAUTOM\u00c1TICA &#8211; INTERNA\u201d&nbsp;<\/strong><br>Si acreditaste una materia en otra carrera cursada en la ETLP con contenidos equivalentes,&nbsp; podes solicitar la equivalencia del&nbsp;<strong>23\/2 al 6\/03 de 2026 por formulario online<\/strong>.&nbsp;<\/p>\n\n\n\n<p><strong>Antes de completar el formulario consulta\u00a0 la tabla de\u00a0equivalencias\u00a0internas!\u00a0\u00a0<\/strong><br><strong>Ver aqu\u00ed:\u00a0<\/strong><a href=\"https:\/\/drive.google.com\/file\/d\/1EI7-x2tBSXywhktg1eYj3hLGAGMx7bHN\/view?usp=drive_link\">EQUIVALENCIAS INTERNAS &#8211; ETLP 2026<\/a><\/p>\n\n\n\n<p><strong>LINK DE ACCESO AL FORMULARIO:<\/strong><a href=\"https:\/\/forms.gle\/f8zAP8UjuFCB67kq8\" target=\"_blank\" rel=\"noreferrer noopener\"> https:\/\/forms.gle\/f8zAP8UjuFCB67kq8<\/a><\/p>\n\n\n\n<hr class=\"wp-block-separator has-alpha-channel-opacity\"\/>\n\n\n\n<figure class=\"wp-block-image size-full is-resized\"><img decoding=\"async\" loading=\"lazy\" src=\"https:\/\/etlp-bue.infd.edu.ar\/sitio\/wp-content\/uploads\/2026\/02\/automatica-externa-1.png\" alt=\"\" class=\"wp-image-3760\" width=\"810\" height=\"1013\" srcset=\"https:\/\/etlp-bue.infd.edu.ar\/sitio\/wp-content\/uploads\/2026\/02\/automatica-externa-1.png 1080w, https:\/\/etlp-bue.infd.edu.ar\/sitio\/wp-content\/uploads\/2026\/02\/automatica-externa-1-800x1000.png 800w, https:\/\/etlp-bue.infd.edu.ar\/sitio\/wp-content\/uploads\/2026\/02\/automatica-externa-1-768x960.png 768w\" sizes=\"(max-width: 810px) 100vw, 810px\" \/><\/figure>\n\n\n\n<p>&#x1f4cc; <strong>B. EQUIVALENCIA&nbsp; \u201cAUTOM\u00c1TICA &#8211; EXTERNA\u201d<\/strong><br>Si acreditaste una materia&nbsp;<u>con&nbsp;la misma denominaci\u00f3n en otra instituci\u00f3n<\/u>&nbsp; podes solicitar la equivalencia del<strong> 23\/2 al 6\/03 de 2026 por correo electr\u00f3nico<\/strong>,&nbsp; enviando&nbsp; a&nbsp;&nbsp;<a rel=\"noreferrer noopener\" href=\"mailto:equivalenciasetlp@gmail.com\" target=\"_blank\">equivalenciasetlp@gmail.com<\/a>&nbsp;adjuntando la siguiente documentaci\u00f3n:&nbsp;<\/p>\n\n\n\n<p><strong>1.&nbsp;<\/strong><a href=\"https:\/\/docs.google.com\/document\/d\/1zf84VuP5KUNt2XwIaVIC3XhcrGm30Plr\/edit?usp=sharing&amp;ouid=114368937950979225787&amp;rtpof=true&amp;sd=true\" target=\"_blank\" rel=\"noreferrer noopener\">Planilla de solicitud de equivalencias 2026<\/a><strong>&nbsp;<\/strong><br><strong>2. Certificado anal\u00edtico de estudios realizados&nbsp;<\/strong>donde conste fecha de acreditaci\u00f3n, calificaci\u00f3n, firma y sello de la instituci\u00f3n.<\/p>\n\n\n\n<hr class=\"wp-block-separator has-alpha-channel-opacity\"\/>\n\n\n\n<figure class=\"wp-block-image size-full is-resized\"><img decoding=\"async\" loading=\"lazy\" src=\"https:\/\/etlp-bue.infd.edu.ar\/sitio\/wp-content\/uploads\/2026\/02\/equivalencias-generales-.png\" alt=\"\" class=\"wp-image-3761\" width=\"810\" height=\"1013\" srcset=\"https:\/\/etlp-bue.infd.edu.ar\/sitio\/wp-content\/uploads\/2026\/02\/equivalencias-generales-.png 1080w, https:\/\/etlp-bue.infd.edu.ar\/sitio\/wp-content\/uploads\/2026\/02\/equivalencias-generales--800x1000.png 800w, https:\/\/etlp-bue.infd.edu.ar\/sitio\/wp-content\/uploads\/2026\/02\/equivalencias-generales--768x960.png 768w\" sizes=\"(max-width: 810px) 100vw, 810px\" \/><\/figure>\n\n\n\n<p>&#x1f4cc; <strong>C. EQUIVALENCIAS&nbsp;GENERALES&nbsp;<\/strong><br>Si acreditaste una materia con distinta denominaci\u00f3n en otra carrera&nbsp;podes solicitar la equivalencia del&nbsp;<strong>23\/2&nbsp;al 6\/03 de 2026 por correo<\/strong> <strong>electr\u00f3nico<\/strong>,&nbsp; enviando&nbsp; a&nbsp;&nbsp;<a rel=\"noreferrer noopener\" href=\"mailto:equivalenciasetlp@gmail.com\" target=\"_blank\">equivalenciasetlp@gmail.com<\/a>&nbsp;adjuntando la siguiente documentaci\u00f3n:&nbsp;<\/p>\n\n\n\n<p><strong>1.&nbsp;<\/strong><a rel=\"noreferrer noopener\" href=\"https:\/\/docs.google.com\/document\/d\/1zf84VuP5KUNt2XwIaVIC3XhcrGm30Plr\/edit?usp=sharing&amp;ouid=114368937950979225787&amp;rtpof=true&amp;sd=true\" target=\"_blank\">Planilla de solicitud de equivalencias 2026<\/a><strong><br>2. Certificado anal\u00edtico de estudios realizados&nbsp;<\/strong>donde conste fecha de acreditaci\u00f3n, calificaci\u00f3n, firma y sello de la instituci\u00f3n.<br><strong>3. Programa de la materia<\/strong>&nbsp;en el que conste carga horaria, contenidos y bibliograf\u00eda. Dicho programa deber\u00e1 estar debidamente certificado, es decir, debe estar foliado, firmado y sellado por la instituci\u00f3n donde se curs\u00f3 y acredit\u00f3.<\/p>\n\n\n\n<h4 class=\"wp-block-heading\">\u00bfQui\u00e9nes eval\u00faan las equivalencias solicitadas?<\/h4>\n\n\n\n<p>El Equipo de Conducci\u00f3n recepciona las solicitudes y organiza su evaluaci\u00f3n seg\u00fan corresponda.<br><br>En el caso de las Equivalencias Generales (tipo C), en caso de requerirse, lxs docentes a cargo de la materia emitir\u00e1n criterio respecto al otorgamiento de la equivalencia a partir de la lectura de los proyectos pedag\u00f3gicos presentados. El Equipo Directivo avalar\u00e1 dicha emisi\u00f3n de criterio o solicitar\u00e1 su revisi\u00f3n, y dictar\u00e1 el resultado de la equivalencia la cual podr\u00e1 resultar&nbsp;<strong>APROBADA de manera TOTAL o PARCIAL, o DENEGADA<\/strong>.<\/p>\n\n\n\n<h4 class=\"wp-block-heading has-base-3-color has-text-color has-background\" style=\"background-color:#e91c60\">\u00a1M\u00c1S INFORMACI\u00d3N A TENER EN CUENTA!&nbsp;<\/h4>\n\n\n\n<p class=\"has-medium-font-size\">Para solicitar&nbsp;<em>\u00ab<strong>Equivalencias Autom\u00e1ticas &#8211; Externas\u00bb<\/strong><\/em>&nbsp;o<strong>&nbsp;<em>\u00abEquivalencias Generales\u00bb:<\/em><\/strong><em>&nbsp;<\/em><\/p>\n\n\n\n<ul>\n<li>Consigna en el <strong>ASUNTO<\/strong> del correo &nbsp;el nombre de la <strong>UNIDAD CURRICULAR QUE SOLICITAS POR EQUIVALENCIA<\/strong><\/li>\n\n\n\n<li>En caso de solicitar m\u00e1s de 1 equivalencia complet\u00e1 <strong>UNA PLANILLA POR CADA SOLICITUD<\/strong>&nbsp; nominandola\/renombrando el archivo con apellido y nombre de unidad curricular que se solicita por equivalencia (ej. sanchez- solicitud equivalencia Historia del Teatro I &#8211; ETLP.doc). <\/li>\n\n\n\n<li>Enviar  en correos separados, adjuntando la documentaci\u00f3n correspondiente &nbsp;y consignando en el <strong>asunto de cada correo<\/strong> el nombre de cada solicitud.<\/li>\n\n\n\n<li>No olvides adjuntar la totalidad de&nbsp; documentaci\u00f3n requerida. De lo contrario la equivalencia no podr\u00e1 ser evaluada.&nbsp;<\/li>\n\n\n\n<li>Deber\u00e1s&nbsp; cursar la unidad curricular cuya acreditaci\u00f3n se solicita por equivalencia, hasta tanto se te confirme fehacientemente que se te&nbsp;otorga&nbsp;lo solicitado.<\/li>\n<\/ul>\n\n\n\n<p>Si necesit\u00e1s nuestros programas certificados para solicitar equivalencias en otra instituci\u00f3n consult\u00e1 el procedimiento&nbsp;<a rel=\"noreferrer noopener\" href=\"https:\/\/drive.google.com\/file\/d\/1u5ocufG0phzbbebX4qDSE9ddyPZdiU32\/view?usp=drive_link\" target=\"_blank\">ac\u00e1<\/a>.<\/p>\n\n\n\n<div style=\"height:20px\" aria-hidden=\"true\" class=\"wp-block-spacer\"><\/div>\n","protected":false},"excerpt":{"rendered":"<p>FORMULARIOS &#8211; SOLICITUD DE EQUIVALENCIAS &#x1f447; \u00bfQu\u00e9 son las equivalencias?&nbsp; &nbsp;Denominamos EQUIVALENCIA al acto administrativo por el cual una unidad curricular (materia) aprobada en la ETLP o en otra&nbsp; Instituci\u00f3n de Nivel Superior o&nbsp; Universidad,&nbsp; puede ser acreditada en reemplazo de otra que forma parte del plan de estudios de la carrera que te encontras &#8230; <a title=\"SOLICITUD DE EQUIVALENCIA\" class=\"read-more\" href=\"https:\/\/etlp-bue.infd.edu.ar\/sitio\/solicitud-de-equivalencia\/\" aria-label=\"More on SOLICITUD DE EQUIVALENCIA\">[+]<\/a><\/p>\n","protected":false},"author":47,"featured_media":0,"parent":0,"menu_order":0,"comment_status":"closed","ping_status":"closed","template":"","meta":[],"acf":[],"_links":{"self":[{"href":"https:\/\/etlp-bue.infd.edu.ar\/sitio\/wp-json\/wp\/v2\/pages\/1331"}],"collection":[{"href":"https:\/\/etlp-bue.infd.edu.ar\/sitio\/wp-json\/wp\/v2\/pages"}],"about":[{"href":"https:\/\/etlp-bue.infd.edu.ar\/sitio\/wp-json\/wp\/v2\/types\/page"}],"author":[{"embeddable":true,"href":"https:\/\/etlp-bue.infd.edu.ar\/sitio\/wp-json\/wp\/v2\/users\/47"}],"replies":[{"embeddable":true,"href":"https:\/\/etlp-bue.infd.edu.ar\/sitio\/wp-json\/wp\/v2\/comments?post=1331"}],"version-history":[{"count":49,"href":"https:\/\/etlp-bue.infd.edu.ar\/sitio\/wp-json\/wp\/v2\/pages\/1331\/revisions"}],"predecessor-version":[{"id":3964,"href":"https:\/\/etlp-bue.infd.edu.ar\/sitio\/wp-json\/wp\/v2\/pages\/1331\/revisions\/3964"}],"wp:attachment":[{"href":"https:\/\/etlp-bue.infd.edu.ar\/sitio\/wp-json\/wp\/v2\/media?parent=1331"}],"curies":[{"name":"wp","href":"https:\/\/api.w.org\/{rel}","templated":true}]}}