{"id":1346,"date":"2020-04-10T13:12:11","date_gmt":"2020-04-10T16:12:11","guid":{"rendered":"https:\/\/etlp-bue.infd.edu.ar\/sitio\/?page_id=1346"},"modified":"2026-02-23T13:14:56","modified_gmt":"2026-02-23T16:14:56","slug":"horarios-2026","status":"publish","type":"page","link":"https:\/\/etlp-bue.infd.edu.ar\/sitio\/horarios-2026\/","title":{"rendered":"HORARIOS DE CURSADA"},"content":{"rendered":"\n<h2 class=\"wp-block-heading\">HORARIOS DE CURSADA<\/h2>\n\n\n\n<div class=\"wp-block-columns is-layout-flex wp-container-4\">\n<div class=\"wp-block-column is-layout-flow\" style=\"flex-basis:40%\">\n<h4 class=\"wp-block-heading\">Profesorado de Teatro<\/h4>\n<\/div>\n\n\n\n<div class=\"wp-block-column is-layout-flow\" style=\"flex-basis:65%\">\n<div class=\"wp-block-buttons has-custom-font-size has-small-font-size is-content-justification-left is-layout-flex wp-container-2\">\n<div class=\"wp-block-button\"><a class=\"wp-block-button__link has-background wp-element-button\" href=\"https:\/\/docs.google.com\/spreadsheets\/d\/15Swe24T_1_q33o7PMJWTVp1pxILuKYa-\/edit?gid=1476206239#gid=1476206239\" style=\"background-color:#ffab00\" target=\"_blank\" rel=\"noreferrer noopener\">1\u00b0 a\u00f1o<\/a><\/div>\n\n\n\n<div class=\"wp-block-button\"><a class=\"wp-block-button__link has-background wp-element-button\" href=\"https:\/\/docs.google.com\/spreadsheets\/d\/15Swe24T_1_q33o7PMJWTVp1pxILuKYa-\/edit?gid=776887907#gid=776887907\" style=\"background-color:#ffab00\" target=\"_blank\" rel=\"noreferrer noopener\">2\u00b0 a\u00f1o<\/a><\/div>\n\n\n\n<div class=\"wp-block-button\"><a class=\"wp-block-button__link has-background wp-element-button\" href=\"https:\/\/docs.google.com\/spreadsheets\/d\/15Swe24T_1_q33o7PMJWTVp1pxILuKYa-\/edit?gid=1646361917#gid=1646361917\" style=\"background-color:#ffab00\" target=\"_blank\" rel=\"noreferrer noopener\">3\u00b0 a\u00f1o<\/a><\/div>\n\n\n\n<div class=\"wp-block-button\"><a class=\"wp-block-button__link has-background wp-element-button\" href=\"https:\/\/docs.google.com\/spreadsheets\/d\/15Swe24T_1_q33o7PMJWTVp1pxILuKYa-\/edit?gid=1688900559#gid=1688900559\" style=\"background-color:#ffab00\" target=\"_blank\" rel=\"noreferrer noopener\">4\u00b0 a\u00f1o<\/a><\/div>\n\n\n\n<div class=\"wp-block-button\"><a class=\"wp-block-button__link has-background wp-element-button\" href=\"https:\/\/docs.google.com\/spreadsheets\/d\/15Swe24T_1_q33o7PMJWTVp1pxILuKYa-\/edit?gid=1306559627#gid=1306559627\" style=\"background-color:#ffab00\" target=\"_blank\" rel=\"noreferrer noopener\">EDIs<\/a><\/div>\n<\/div>\n<\/div>\n<\/div>\n\n\n\n<div class=\"wp-block-columns is-layout-flex wp-container-8\">\n<div class=\"wp-block-column is-layout-flow\" style=\"flex-basis:40%\">\n<h4 class=\"wp-block-heading\">Tecnicatura en Actuaci\u00f3n<\/h4>\n<\/div>\n\n\n\n<div class=\"wp-block-column is-layout-flow\" style=\"flex-basis:65%\">\n<div class=\"wp-block-buttons is-content-justification-left is-layout-flex wp-container-6\">\n<div class=\"wp-block-button has-custom-font-size has-small-font-size\"><a class=\"wp-block-button__link has-background wp-element-button\" href=\"https:\/\/docs.google.com\/spreadsheets\/d\/e\/2PACX-1vQZyQCmRXIKwux8pr5svOteIHcq50LaFcK6llb3prtB0VtKwI0UqTazpD8yReIDOUbDcw-QbZksB4m_\/pubhtml?gid=1885960808&amp;single=true\" style=\"background-color:#6aa84f\" target=\"_blank\" rel=\"noreferrer noopener\">1\u00b0 a\u00f1o<\/a><\/div>\n\n\n\n<div class=\"wp-block-button has-custom-font-size has-small-font-size\"><a class=\"wp-block-button__link has-background wp-element-button\" href=\"https:\/\/docs.google.com\/spreadsheets\/d\/e\/2PACX-1vQZyQCmRXIKwux8pr5svOteIHcq50LaFcK6llb3prtB0VtKwI0UqTazpD8yReIDOUbDcw-QbZksB4m_\/pubhtml?gid=1212287524&amp;single=true\" style=\"background-color:#6aa84f\" target=\"_blank\" rel=\"noreferrer noopener\">2\u00b0 a\u00f1o<\/a><\/div>\n\n\n\n<div class=\"wp-block-button has-custom-font-size has-small-font-size\"><a class=\"wp-block-button__link has-background has-text-align-center wp-element-button\" href=\"https:\/\/docs.google.com\/spreadsheets\/d\/e\/2PACX-1vQZyQCmRXIKwux8pr5svOteIHcq50LaFcK6llb3prtB0VtKwI0UqTazpD8yReIDOUbDcw-QbZksB4m_\/pubhtml?gid=626766445&amp;single=true\" style=\"background-color:#6aa84f\" target=\"_blank\" rel=\"noreferrer noopener\">3\u00b0 a\u00f1o<\/a><\/div>\n<\/div>\n<\/div>\n<\/div>\n\n\n\n<div class=\"wp-block-columns is-layout-flex wp-container-12\">\n<div class=\"wp-block-column is-layout-flow\" style=\"flex-basis:40%\">\n<h4 class=\"wp-block-heading\">Tecnicatura en Escenograf\u00eda<\/h4>\n<\/div>\n\n\n\n<div class=\"wp-block-column is-vertically-aligned-top is-layout-flow\" style=\"flex-basis:65%\">\n<div class=\"wp-block-buttons is-layout-flex wp-container-10\">\n<div class=\"wp-block-button has-custom-font-size has-small-font-size\"><a class=\"wp-block-button__link has-background wp-element-button\" href=\"https:\/\/docs.google.com\/spreadsheets\/d\/e\/2PACX-1vT5YdVERZOc6BPLBZ2ooPKxV57v4KxpPCgywdkA8CuUZaXCN-NRYJb-z0UGJvVqzx0rwl-Rl8xH-1Uq\/pubhtml?gid=1521309783&amp;single=true\" style=\"background-color:#254496\" target=\"_blank\" rel=\"noreferrer noopener\">FoBa<\/a><\/div>\n\n\n\n<div class=\"wp-block-button has-custom-font-size has-small-font-size\"><a class=\"wp-block-button__link has-background wp-element-button\" href=\"https:\/\/docs.google.com\/spreadsheets\/d\/e\/2PACX-1vT5YdVERZOc6BPLBZ2ooPKxV57v4KxpPCgywdkA8CuUZaXCN-NRYJb-z0UGJvVqzx0rwl-Rl8xH-1Uq\/pubhtml?gid=1386383723&amp;single=true\" style=\"background-color:#254496\" target=\"_blank\" rel=\"noreferrer noopener\">1\u00b0 a\u00f1o<\/a><\/div>\n\n\n\n<div class=\"wp-block-button has-custom-font-size has-small-font-size\"><a class=\"wp-block-button__link has-background wp-element-button\" href=\"https:\/\/docs.google.com\/spreadsheets\/d\/e\/2PACX-1vT5YdVERZOc6BPLBZ2ooPKxV57v4KxpPCgywdkA8CuUZaXCN-NRYJb-z0UGJvVqzx0rwl-Rl8xH-1Uq\/pubhtml?gid=939129148&amp;single=true\" style=\"background-color:#254496\" target=\"_blank\" rel=\"noreferrer noopener\">2\u00b0 a\u00f1o<\/a><\/div>\n\n\n\n<div class=\"wp-block-button has-custom-font-size has-small-font-size\"><a class=\"wp-block-button__link has-background wp-element-button\" href=\"https:\/\/docs.google.com\/spreadsheets\/d\/e\/2PACX-1vT5YdVERZOc6BPLBZ2ooPKxV57v4KxpPCgywdkA8CuUZaXCN-NRYJb-z0UGJvVqzx0rwl-Rl8xH-1Uq\/pubhtml?gid=1182124763&amp;single=true\" style=\"background-color:#254496\" target=\"_blank\" rel=\"noreferrer noopener\">3\u00b0 a\u00f1o<\/a><\/div>\n<\/div>\n<\/div>\n<\/div>\n\n\n\n<div class=\"wp-block-columns is-layout-flex wp-container-16\">\n<div class=\"wp-block-column is-layout-flow\" style=\"flex-basis:40%\">\n<h4 class=\"wp-block-heading\">Tecnicatura en Maquillaje<\/h4>\n<\/div>\n\n\n\n<div class=\"wp-block-column is-layout-flow\" style=\"flex-basis:65%\">\n<div class=\"wp-block-buttons has-custom-font-size has-small-font-size is-layout-flex\">\n<div class=\"wp-block-button\"><a class=\"wp-block-button__link has-background wp-element-button\" href=\"https:\/\/docs.google.com\/spreadsheets\/d\/e\/2PACX-1vSf210MOSJ33xDVxPDzp63K5YwPlhaH_GXTUjsJMKDjrCX0YKOrhvkzdm1e2erstJD3D4_FEomH6GFq\/pubhtml?gid=900085341&amp;single=true\" style=\"background-color:#5e3a8e\" target=\"_blank\" rel=\"noreferrer noopener\">FoBa<\/a><\/div>\n\n\n\n<div class=\"wp-block-button\"><a class=\"wp-block-button__link has-background wp-element-button\" href=\"https:\/\/docs.google.com\/spreadsheets\/d\/e\/2PACX-1vSf210MOSJ33xDVxPDzp63K5YwPlhaH_GXTUjsJMKDjrCX0YKOrhvkzdm1e2erstJD3D4_FEomH6GFq\/pubhtml?gid=490336249&amp;single=true\" style=\"background-color:#5e3a8e\" target=\"_blank\" rel=\"noreferrer noopener\">1\u00b0 a\u00f1o<\/a><\/div>\n\n\n\n<div class=\"wp-block-button\"><a class=\"wp-block-button__link has-background wp-element-button\" href=\"https:\/\/docs.google.com\/spreadsheets\/d\/e\/2PACX-1vSf210MOSJ33xDVxPDzp63K5YwPlhaH_GXTUjsJMKDjrCX0YKOrhvkzdm1e2erstJD3D4_FEomH6GFq\/pubhtml?gid=1079509201&amp;single=true\" style=\"background-color:#5e3a8e\" target=\"_blank\" rel=\"noreferrer noopener\">2\u00b0 a\u00f1o<\/a><\/div>\n<\/div>\n<\/div>\n<\/div>\n\n\n\n<div class=\"wp-block-columns is-layout-flex wp-container-20\">\n<div class=\"wp-block-column is-layout-flow\" style=\"flex-basis:40%\">\n<h4 class=\"wp-block-heading\">Tecnicatura en Vestuario<\/h4>\n<\/div>\n\n\n\n<div class=\"wp-block-column is-layout-flow\" style=\"flex-basis:65%\">\n<div class=\"wp-block-buttons has-custom-font-size has-small-font-size is-layout-flex wp-container-18\">\n<div class=\"wp-block-button\"><a class=\"wp-block-button__link has-background wp-element-button\" href=\"https:\/\/docs.google.com\/spreadsheets\/d\/e\/2PACX-1vQ3Hz5b3I5zGpzNVkI2f_TmoD_Xpij5um4l77R7gtiLEPpNz1H1tGfcEX757IfZ9zPamT8sJORMPH-N\/pubhtml?gid=1248011473&amp;single=true\" style=\"background-color:#ff6d01\" target=\"_blank\" rel=\"noreferrer noopener\">FoBa<\/a><\/div>\n\n\n\n<div class=\"wp-block-button\"><a class=\"wp-block-button__link has-background wp-element-button\" href=\"https:\/\/docs.google.com\/spreadsheets\/d\/e\/2PACX-1vQ3Hz5b3I5zGpzNVkI2f_TmoD_Xpij5um4l77R7gtiLEPpNz1H1tGfcEX757IfZ9zPamT8sJORMPH-N\/pubhtml?gid=721838532&amp;single=true\" style=\"background-color:#ff6d01\" target=\"_blank\" rel=\"noreferrer noopener\">1\u00b0 a\u00f1o<\/a><\/div>\n\n\n\n<div class=\"wp-block-button\"><a class=\"wp-block-button__link has-background wp-element-button\" href=\"https:\/\/docs.google.com\/spreadsheets\/d\/e\/2PACX-1vQ3Hz5b3I5zGpzNVkI2f_TmoD_Xpij5um4l77R7gtiLEPpNz1H1tGfcEX757IfZ9zPamT8sJORMPH-N\/pubhtml?gid=84736425&amp;single=true\" style=\"background-color:#ff6d01\" target=\"_blank\" rel=\"noreferrer noopener\">2\u00b0 a\u00f1o<\/a><\/div>\n<\/div>\n<\/div>\n<\/div>\n\n\n\n<div class=\"wp-block-columns is-layout-flex wp-container-24\">\n<div class=\"wp-block-column is-layout-flow\" style=\"flex-basis:40%\">\n<h4 class=\"wp-block-heading\">Teatro para Adolescentes<\/h4>\n<\/div>\n\n\n\n<div class=\"wp-block-column is-layout-flow\" style=\"flex-basis:65%\">\n<div class=\"wp-block-buttons has-custom-font-size has-small-font-size is-layout-flex\">\n<div class=\"wp-block-button\"><a class=\"wp-block-button__link has-background wp-element-button\" href=\"https:\/\/docs.google.com\/spreadsheets\/d\/e\/2PACX-1vToryyaYBchEY0uukG0-HlcSoJ92Ryy2l8GAEgtMwBhzBoaRJt_2BoNmc1wySs96vcG0J6ntxctJJIm\/pubhtml?gid=0&amp;single=true\" style=\"background-color:#c300c3\" target=\"_blank\" rel=\"noreferrer noopener\">1\u00b0 a\u00f1o &#8211; Ciclo de Iniciaci\u00f3n<\/a><\/div>\n\n\n\n<div class=\"wp-block-button\"><a class=\"wp-block-button__link has-background wp-element-button\" href=\"https:\/\/docs.google.com\/spreadsheets\/d\/e\/2PACX-1vToryyaYBchEY0uukG0-HlcSoJ92Ryy2l8GAEgtMwBhzBoaRJt_2BoNmc1wySs96vcG0J6ntxctJJIm\/pubhtml?gid=1154904152&amp;single=true\" style=\"background-color:#c300c3\" target=\"_blank\" rel=\"noreferrer noopener\">2\u00b0 a\u00f1o &#8211; Ciclo de Producci\u00f3n<\/a><\/div>\n<\/div>\n<\/div>\n<\/div>\n\n\n\n<h2 class=\"wp-block-heading\">AULA TABLERO<\/h2>\n\n\n\n<iframe src=\"https:\/\/docs.google.com\/spreadsheets\/d\/1HQx6Rqfkky5kiUcb7XbQzSKlM8UrgUr88qq5aUsnupM\/edit?gid=0#gid=0-Du4VrqgeuN1t3Z5XO9X1HoEKBVC568fnYp\/pubhtml?widget=true&amp;headers=false\";\nwidth= 100%;\nheight= 1080;\nborder= none;\n>\n\n<\/iframe>\n\n\n\n<p><a href=\"https:\/\/docs.google.com\/document\/d\/1qAM_x4EEFiDMRVUZzVaZPqgIQdThCGiG\/edit?usp=sharing&amp;ouid=104709607008155667770&amp;rtpof=true&amp;sd=true\" target=\"_blank\" rel=\"noopener\" data-saferedirecturl=\"https:\/\/www.google.com\/url?q=https:\/\/docs.google.com\/document\/d\/1qAM_x4EEFiDMRVUZzVaZPqgIQdThCGiG\/edit?usp%3Dsharing%26ouid%3D104709607008155667770%26rtpof%3Dtrue%26sd%3Dtrue&amp;source=gmail&amp;ust=1679453495613000&amp;usg=AOvVaw14gnLSREOn_SHxPhWoDVud\">IDENTIFICACI\u00d3N AULAS ANEXO Y SEDE &#8211; ETLP 2024<\/a><\/p>\n","protected":false},"excerpt":{"rendered":"<p>HORARIOS DE CURSADA Profesorado de Teatro Tecnicatura en Actuaci\u00f3n Tecnicatura en Escenograf\u00eda Tecnicatura en Maquillaje Tecnicatura en Vestuario Teatro para Adolescentes AULA TABLERO IDENTIFICACI\u00d3N AULAS ANEXO Y SEDE &#8211; ETLP 2024<\/p>\n","protected":false},"author":47,"featured_media":0,"parent":0,"menu_order":0,"comment_status":"closed","ping_status":"closed","template":"","meta":[],"acf":[],"_links":{"self":[{"href":"https:\/\/etlp-bue.infd.edu.ar\/sitio\/wp-json\/wp\/v2\/pages\/1346"}],"collection":[{"href":"https:\/\/etlp-bue.infd.edu.ar\/sitio\/wp-json\/wp\/v2\/pages"}],"about":[{"href":"https:\/\/etlp-bue.infd.edu.ar\/sitio\/wp-json\/wp\/v2\/types\/page"}],"author":[{"embeddable":true,"href":"https:\/\/etlp-bue.infd.edu.ar\/sitio\/wp-json\/wp\/v2\/users\/47"}],"replies":[{"embeddable":true,"href":"https:\/\/etlp-bue.infd.edu.ar\/sitio\/wp-json\/wp\/v2\/comments?post=1346"}],"version-history":[{"count":28,"href":"https:\/\/etlp-bue.infd.edu.ar\/sitio\/wp-json\/wp\/v2\/pages\/1346\/revisions"}],"predecessor-version":[{"id":3227,"href":"https:\/\/etlp-bue.infd.edu.ar\/sitio\/wp-json\/wp\/v2\/pages\/1346\/revisions\/3227"}],"wp:attachment":[{"href":"https:\/\/etlp-bue.infd.edu.ar\/sitio\/wp-json\/wp\/v2\/media?parent=1346"}],"curies":[{"name":"wp","href":"https:\/\/api.w.org\/{rel}","templated":true}]}}