{"id":1480,"date":"2020-07-01T13:22:53","date_gmt":"2020-07-01T16:22:53","guid":{"rendered":"https:\/\/etlp-bue.infd.edu.ar\/sitio\/?page_id=1480"},"modified":"2026-04-21T15:50:30","modified_gmt":"2026-04-21T18:50:30","slug":"contacto-por-carrera","status":"publish","type":"page","link":"https:\/\/etlp-bue.infd.edu.ar\/sitio\/contacto-por-carrera\/","title":{"rendered":"CONTACTOS"},"content":{"rendered":"\n<h4 class=\"wp-block-heading has-text-color\" style=\"color:#cb00ef\"><b>PRECEPTOR\u00cdAS&nbsp;<\/b><\/h4>\n\n\n\n<p><b><i>Teatro para Adolescentes:&nbsp;<\/i><\/b><\/p>\n\n\n\n<ul>\n<li><span style=\"font-weight: 400;\">1\u00b0 y 2\u00b0 a\u00f1o &#8211; Turno tarde \/ Lorena: <\/span><a rel=\"noreferrer noopener\" href=\"mailto:precettactu@gmail.com\" target=\"_blank\"><span style=\"font-weight: 400;\">precettactu@gmail.com<\/span><\/a><\/li>\n\n\n\n<li><span style=\"font-weight: 400;\">1\u00b0 a\u00f1o &#8211; Turno noche \/ Valeria: <\/span><a rel=\"noreferrer noopener\" href=\"mailto:preceptnactu@gmail.com\" target=\"_blank\"><span style=\"font-weight: 400;\">preceptnactu@gmail.com<\/span><\/a><span style=\"font-weight: 400;\">&nbsp;<\/span><\/li>\n<\/ul>\n\n\n\n<p><b><i>Tecnicatura en Actuaci\u00f3n:<\/i><\/b><\/p>\n\n\n\n<ul>\n<li><span style=\"font-weight: 400;\">Turno ma\u00f1ana &#8211; Alejandra: <\/span><a rel=\"noreferrer noopener\" href=\"mailto:preceptmact@gmail.com\" target=\"_blank\"><span style=\"font-weight: 400;\">preceptmact@gmail.com<\/span><\/a><span style=\"font-weight: 400;\">&nbsp;<\/span><\/li>\n\n\n\n<li><span style=\"font-weight: 400;\">Turno tarde &#8211; Lorena: <\/span><a rel=\"noreferrer noopener\" href=\"mailto:precettactu@gmail.com\" target=\"_blank\"><span style=\"font-weight: 400;\">precettactu@gmail.com<\/span><\/a><span style=\"font-weight: 400;\">&nbsp;<\/span><\/li>\n\n\n\n<li><span style=\"font-weight: 400;\">Turno noche &#8211; Valeria: <\/span><a rel=\"noreferrer noopener\" href=\"mailto:preceptnactu@gmail.com\" target=\"_blank\"><span style=\"font-weight: 400;\">preceptnactu@gmail.com<\/span><\/a><span style=\"font-weight: 400;\">&nbsp;<\/span><\/li>\n<\/ul>\n\n\n\n<p><b><i>Profesorado de Teatro:&nbsp;<\/i><\/b><\/p>\n\n\n\n<ul>\n<li><span style=\"font-weight: 400;\">Turno ma\u00f1ana &#8211; Julia \/ Lorena: <a rel=\"noreferrer noopener\" href=\"mailto:preceptmprofetlp@gmail.com\" target=\"_blank\">preceptmprofetlp@gmail.com<\/a>&nbsp;<\/span><\/li>\n\n\n\n<li><span style=\"font-weight: 400;\">Turno tarde &#8211; Claudia \/ Walter: <\/span><a rel=\"noreferrer noopener\" href=\"mailto:preceptproftarde@gmail.com\" target=\"_blank\"><span style=\"font-weight: 400;\">preceptproftarde@gmail.com<\/span><\/a><span style=\"font-weight: 400;\">&nbsp;&nbsp;&nbsp;<\/span><\/li>\n\n\n\n<li><span style=\"font-weight: 400;\">Turno noche &#8211; Sabrina : <\/span><a rel=\"noreferrer noopener\" href=\"mailto:preceptoriaetlpvespertino@gmail.com\" target=\"_blank\"><span style=\"font-weight: 400;\">preceptoriaetlpvespertino@gmail.com<\/span><\/a><span style=\"font-weight: 400;\">&nbsp;<\/span><\/li>\n<\/ul>\n\n\n\n<p><b><i>Tecnicaturas en Maquillaje, Vestuario y Escenograf\u00eda:<\/i><\/b><\/p>\n\n\n\n<ul>\n<li><span style=\"font-weight: 400;\">&nbsp;Turno noche &#8211; Gonzalo: <\/span><a rel=\"noreferrer noopener\" href=\"mailto:precepescenoplasticas@gmail.com\" target=\"_blank\"><span style=\"font-weight: 400;\">precepescenoplasticas@gmail.com<\/span><\/a><span style=\"font-weight: 400;\">&nbsp;<\/span><\/li>\n<\/ul>\n\n\n\n<hr class=\"wp-block-separator has-alpha-channel-opacity\"\/>\n\n\n\n<h4 class=\"wp-block-heading has-text-color\" style=\"color:#cb00ef\"><b>JEFATURAS DE \u00c1REA<\/b><\/h4>\n\n\n\n<p><b><i>Teatro para Adolescentes:<\/i><\/b> <span style=\"font-weight: 400;\">Prof. Xiomara Mart\u00ednez\u00a0 <\/span><a rel=\"noreferrer noopener\" href=\"mailto:jefaturadeareafobaetlp@gmail.com\" target=\"_blank\"><span style=\"font-weight: 400;\">jefaturadeareafobaetlp@gmail.com<\/span><\/a><\/p>\n\n\n\n<p><b><i>Tecnicaturas en Maquillaje, Vestuario y Escenograf\u00eda:<\/i><\/b> <span style=\"font-weight: 400;\">Prof. Jimena Duca | Prof. Leandra Spinosa: <a rel=\"noreferrer noopener\" href=\"mailto:jefaturatescenoplasticasetlp@gmail.com\" target=\"_blank\">jefaturatescenoplasticasetlp@gmail.com<\/a><\/span><\/p>\n\n\n\n<p><b><i>Profesorado de Teatro:\u00a0<\/i><\/b><span style=\"font-weight: 400;\"> Prof. Barbara Suhurt | Prof. Leandra Spinosa: <a rel=\"noreferrer noopener\" href=\"mailto:profesoradoetlp@gmail.com\" target=\"_blank\">profesoradoetlp@gmail.com<\/a><\/span><\/p>\n\n\n\n<p><b><i>Tecnicatura en Actuaci\u00f3n:&nbsp;<\/i><\/b><br>&#8211; <span style=\"font-weight: 400;\">1\u00b0 y 2\u00b0 a\u00f1o: Prof. Mar\u00eda Guillermina Andrade&nbsp; <a rel=\"noreferrer noopener\" href=\"mailto:jefaturatecnicaturaenactuacion@gmail.com\" target=\"_blank\">jefaturatecnicaturaenactuacion@gmail.com<\/a><\/span><br><br>&#8211; 3\u00b0 a\u00f1o: Prof. Jimena Duca: <a href=\"mailto:terceros.actuacionetlp@gmail.com\">terceros.actuacionetlp@gmail.com<\/a><\/p>\n\n\n\n<hr class=\"wp-block-separator has-alpha-channel-opacity\"\/>\n\n\n\n<h4 class=\"wp-block-heading has-text-color\" style=\"color:#cb00ef\"><b>REGENCIA DE ESTUDIOS<\/b><\/h4>\n\n\n\n<p><span style=\"font-weight: 400;\">Prof. Laura Villasol&nbsp; <\/span><a rel=\"noreferrer noopener\" href=\"mailto:regenciaetlp@gmail.com\" target=\"_blank\"><span style=\"font-weight: 400;\">regenciaetlp@gmail.com<\/span><\/a><span style=\"font-weight: 400;\">&nbsp;<\/span><\/p>\n\n\n\n<h4 class=\"wp-block-heading has-text-color\" style=\"color:#cb00ef\"><b>SECRETAR\u00cdA&nbsp;<\/b><\/h4>\n\n\n\n<p>Prof. Marina Del Panno <a rel=\"noreferrer noopener\" href=\"mailto:equiposecretariaetlp@gmail.com\" target=\"_blank\"><span style=\"font-weight: 400;\">equiposecretariaetlp@gmail.com<\/span><\/a><span style=\"font-weight: 400;\">&nbsp;<\/span><\/p>\n\n\n\n<h4 class=\"wp-block-heading has-text-color\" style=\"color:#cb00ef\"><b>PROSECRETAR\u00cdA<\/b><\/h4>\n\n\n\n<p><span style=\"font-weight: 400;\">Prof. Alejandro Arecha <a href=\"mailto:equiposecretariaetlp@gmail.com\" target=\"_blank\" rel=\"noreferrer noopener\">equiposecretariaetlp@gmail.com<\/a>&nbsp;<\/span><\/p>\n\n\n\n<h4 class=\"wp-block-heading has-text-color\" style=\"color:#cb00ef\"><b>BIBLIOTECA<\/b><\/h4>\n\n\n\n<p class=\"has-black-color has-text-color\"><a href=\"mailto:bibliotecaetlaplata@gmail.com\" target=\"_blank\" rel=\"noreferrer noopener\"><span style=\"font-weight: 400;\">bibliotecaetlaplata@gmail.com<\/span><\/a><\/p>\n\n\n\n<h4 class=\"wp-block-heading has-text-color\" style=\"color:#cb00ef\"><strong>EMATP Recursos y dispositivos escenot\u00e9cnicos<\/strong><\/h4>\n\n\n\n<p><a href=\"mailto:ematp.recursos@gmail.com\" target=\"_blank\" rel=\"noreferrer noopener\">ematp.recursos@gmail.com<\/a><span style=\"font-weight: 400;\">&nbsp;<\/span><\/p>\n\n\n\n<h4 class=\"wp-block-heading has-text-color\" style=\"color:#cb00ef\"><b>COMUNICACI\u00d3N INSTITUCIONAL<\/b><\/h4>\n\n\n\n<p><a href=\"mailto:etlaplata@gmail.com\" data-type=\"mailto\" data-id=\"mailto:etlaplata@gmail.com\" target=\"_blank\" rel=\"noreferrer noopener\">etlaplata@gmail.com<\/a><\/p>\n","protected":false},"excerpt":{"rendered":"<p>PRECEPTOR\u00cdAS&nbsp; Teatro para Adolescentes:&nbsp; Tecnicatura en Actuaci\u00f3n: Profesorado de Teatro:&nbsp; Tecnicaturas en Maquillaje, Vestuario y Escenograf\u00eda: JEFATURAS DE \u00c1REA Teatro para Adolescentes: Prof. Xiomara Mart\u00ednez\u00a0 jefaturadeareafobaetlp@gmail.com Tecnicaturas en Maquillaje, Vestuario y Escenograf\u00eda: Prof. Jimena Duca | Prof. Leandra Spinosa: jefaturatescenoplasticasetlp@gmail.com Profesorado de Teatro:\u00a0 Prof. Barbara Suhurt | Prof. Leandra Spinosa: profesoradoetlp@gmail.com Tecnicatura en Actuaci\u00f3n:&nbsp;&#8211; 1\u00b0 &#8230; <a title=\"CONTACTOS\" class=\"read-more\" href=\"https:\/\/etlp-bue.infd.edu.ar\/sitio\/contacto-por-carrera\/\" aria-label=\"More on CONTACTOS\">[+]<\/a><\/p>\n","protected":false},"author":47,"featured_media":0,"parent":0,"menu_order":0,"comment_status":"closed","ping_status":"closed","template":"","meta":[],"acf":[],"_links":{"self":[{"href":"https:\/\/etlp-bue.infd.edu.ar\/sitio\/wp-json\/wp\/v2\/pages\/1480"}],"collection":[{"href":"https:\/\/etlp-bue.infd.edu.ar\/sitio\/wp-json\/wp\/v2\/pages"}],"about":[{"href":"https:\/\/etlp-bue.infd.edu.ar\/sitio\/wp-json\/wp\/v2\/types\/page"}],"author":[{"embeddable":true,"href":"https:\/\/etlp-bue.infd.edu.ar\/sitio\/wp-json\/wp\/v2\/users\/47"}],"replies":[{"embeddable":true,"href":"https:\/\/etlp-bue.infd.edu.ar\/sitio\/wp-json\/wp\/v2\/comments?post=1480"}],"version-history":[{"count":57,"href":"https:\/\/etlp-bue.infd.edu.ar\/sitio\/wp-json\/wp\/v2\/pages\/1480\/revisions"}],"predecessor-version":[{"id":3924,"href":"https:\/\/etlp-bue.infd.edu.ar\/sitio\/wp-json\/wp\/v2\/pages\/1480\/revisions\/3924"}],"wp:attachment":[{"href":"https:\/\/etlp-bue.infd.edu.ar\/sitio\/wp-json\/wp\/v2\/media?parent=1480"}],"curies":[{"name":"wp","href":"https:\/\/api.w.org\/{rel}","templated":true}]}}