{"id":2527,"date":"2024-05-16T19:27:46","date_gmt":"2024-05-16T22:27:46","guid":{"rendered":"https:\/\/etlp-bue.infd.edu.ar\/sitio\/?page_id=2527"},"modified":"2025-02-24T12:42:14","modified_gmt":"2025-02-24T15:42:14","slug":"mapeo-cultural-colectivo","status":"publish","type":"page","link":"https:\/\/etlp-bue.infd.edu.ar\/sitio\/mapeo-cultural-colectivo\/","title":{"rendered":"MAPEO CULTURAL COLECTIVO"},"content":{"rendered":"\n<h2 class=\"wp-block-heading has-text-align-center has-contrast-color has-text-color\">MAPEO CULTURAL COLECTIVO &#8211; LA PLATA 2024<\/h2>\n\n\n\n<div style=\"height:10px\" aria-hidden=\"true\" class=\"wp-block-spacer\"><\/div>\n\n\n\n<!DOCTYPE html>\n<html>\n<head>\n    <title>Mapa incrustado<\/title>\n<\/head>\n<body>\n\n\n    <iframe loading=\"lazy\" src=\"https:\/\/www.google.com\/maps\/d\/embed?mid=1seK-UfFQjelLiHHnrvomtp4CqD1c9cQ&#038;ehbc=2E312F\" width=\"100%\" height=\"480\"><\/iframe>\n\n\n<\/body>\n<\/html>\n\n\n\n<div style=\"height:10px\" aria-hidden=\"true\" class=\"wp-block-spacer\"><\/div>\n\n\n\n<p>&#x1f517; <strong>LINK DE ACCESO AL MAPA:<\/strong><a rel=\"noreferrer noopener\" href=\"https:\/\/bit.ly\/MapeoCulturalLP2024\" target=\"_blank\"> https:\/\/bit.ly\/MapeoCulturalLP2024<\/a><\/p>\n\n\n\n<p>C\u00e1tedras involucradas: Artes, Culturas y Est\u00e9ticas del Mundo Contempor\u00e1neo (Docente: Roc\u00edo Berg\u00e9) + Organizaci\u00f3n y Gesti\u00f3n de Espect\u00e1culos + Producci\u00f3n (Jazm\u00edn Garc\u00eda Sathicq)<\/p>\n\n\n\n<p><strong>Descripci\u00f3n del trabajo realizado:<\/strong><\/p>\n\n\n\n<p>Se propuso a lxs estudiantes la exploraci\u00f3n del barrio de cada unx, como forma de acercarse al entramado cultural local, haciendo foco en el relevamiento de espacios culturales, salas de teatro, clubes sociales, cines, museos, galer\u00edas de arte, bibliotecas y librer\u00edas y expresiones art\u00edsticas en el espacio p\u00fablico. A partir de este relevamiento, se construy\u00f3 en el aula un mapa cultural colectivo, reuniendo la informaci\u00f3n aportada por cada unx, as\u00ed como la integraci\u00f3n del trabajo realizado por la C\u00e1tedra Organizaci\u00f3n y Gesti\u00f3n, enfocada en la investigaci\u00f3n de espacios de programaci\u00f3n esc\u00e9nica.<\/p>\n\n\n\n<p>Este trabajo tuvo como prop\u00f3sito el conocimiento, reconocimiento y visibilizaci\u00f3n de la configuraci\u00f3n del sector cultural local, desde una perspectiva barrial. Tambi\u00e9n nos propusimos fortalecer el uso de mapas, cartograf\u00edas e inventario como recurso posible de ser usado en las pr\u00e1cticas art\u00edsticas y culturales, como forma de investigaci\u00f3n, planificaci\u00f3n u otra.<\/p>\n\n\n\n<p><strong>&#x1f4cc;<\/strong> <strong>En Artes, Culturas y est\u00e9ticas del mundo contempor\u00e1neo, Prof. Rocio Berg\u00e9, el mapa fue confeccionado en formato papel y luego digitalizado.<br>Lxs estudiantes que participaron fueron:<br><\/strong><br>Max Alem\u00e1n, Oscar Alberto Bartoli, Valent\u00edn Bellagamba, Carlos Ignacio Caproli, Silvia Garc\u00eda Platini, Ginkgo Jauregui Lorda Ocampo, Juampi L\u00f3pez, Ana Catalina Lopez Fileni, Juli\u00e1n Rosende, Luna Vecchietti, Mat\u00edas Felipe Velazquez, Juliana Anderson Azzano, Pauli Baigorria, Dan Provenzano, Agustina Bosco, Luca Cesaroni, Floriana Tortone, Camila Tau y Julieta Villamayor<\/p>\n\n\n\n<p>&#x1f4cc; <strong>En la c\u00e1tedra de Organizaci\u00f3n y gesti\u00f3n de espect\u00e1culos y Producci\u00f3n, Prof. Jazm\u00edn Garc\u00eda Sathicq, han participado lxs siguientes estudiantes del 3er a\u00f1o de la Tecnicatura en Actuaci\u00f3n y del 2do a\u00f1o de las Tecnicaturas de Maquillaje y Vestuario:<\/strong><\/p>\n\n\n\n<p>Mar\u00eda Celeste Acosta, Juliana Anderson, Bel\u00e9n Ledesma, Jessica Roldan, Maira Salgueiro, Camila Tau, Julieta Villamayor, Max Alem\u00e1n, Oscar Alberto Bartoli, Ignacio Caproli, Silvia Garc\u00eda, Ginkgo Jauregui Lorda Ocampo, Juampi L\u00f3pez Bonanni, Juli\u00e1n Rosende, Floriana Tortone, &nbsp;Silva, Luna Vecchietti, Mat\u00edas Felipe Velazquez, Pauli Baigorria, Manuela Miguel, Dan Provenzano<\/p>\n\n\n\n<p>Las docentes felicitan a sus estudiantes en el trabajo de investigaci\u00f3n de campo en relaci\u00f3n al relevamiento espec\u00edfico del territorio, en tanto al sector cultural, que brinda informaci\u00f3n de inter\u00e9s a lxs trabajadores de las artes esc\u00e9nicas y la cultura, pudiendo vincular el sentido de la formaci\u00f3n con el campo del trabajo y brinda a lxs estudiantes un conocimiento acerca de las caracter\u00edsticas, sus posibilidades de vinculaci\u00f3n en tanto a producci\u00f3n e inserci\u00f3n en el desarrollo de su pr\u00e1ctica profesional.<\/p>\n\n\n\n<p>Desde la c\u00e1tedra de Organizaci\u00f3n y gesti\u00f3n de espect\u00e1culos y Producci\u00f3n se publicar\u00e1 a la brevedad una&nbsp;<strong>\u201cGUIA 2024 DE SALAS DE TEATRO EN LA CIUDAD DE LA PLATA\u201d<\/strong><\/p>\n","protected":false},"excerpt":{"rendered":"<p>MAPEO CULTURAL COLECTIVO &#8211; LA PLATA 2024 Mapa incrustado &#x1f517; LINK DE ACCESO AL MAPA: https:\/\/bit.ly\/MapeoCulturalLP2024 C\u00e1tedras involucradas: Artes, Culturas y Est\u00e9ticas del Mundo Contempor\u00e1neo (Docente: Roc\u00edo Berg\u00e9) + Organizaci\u00f3n y Gesti\u00f3n de Espect\u00e1culos + Producci\u00f3n (Jazm\u00edn Garc\u00eda Sathicq) Descripci\u00f3n del trabajo realizado: Se propuso a lxs estudiantes la exploraci\u00f3n del barrio de cada unx, &#8230; <a title=\"MAPEO CULTURAL COLECTIVO\" class=\"read-more\" href=\"https:\/\/etlp-bue.infd.edu.ar\/sitio\/mapeo-cultural-colectivo\/\" aria-label=\"More on MAPEO CULTURAL COLECTIVO\">[+]<\/a><\/p>\n","protected":false},"author":47,"featured_media":0,"parent":0,"menu_order":0,"comment_status":"closed","ping_status":"closed","template":"","meta":[],"acf":[],"_links":{"self":[{"href":"https:\/\/etlp-bue.infd.edu.ar\/sitio\/wp-json\/wp\/v2\/pages\/2527"}],"collection":[{"href":"https:\/\/etlp-bue.infd.edu.ar\/sitio\/wp-json\/wp\/v2\/pages"}],"about":[{"href":"https:\/\/etlp-bue.infd.edu.ar\/sitio\/wp-json\/wp\/v2\/types\/page"}],"author":[{"embeddable":true,"href":"https:\/\/etlp-bue.infd.edu.ar\/sitio\/wp-json\/wp\/v2\/users\/47"}],"replies":[{"embeddable":true,"href":"https:\/\/etlp-bue.infd.edu.ar\/sitio\/wp-json\/wp\/v2\/comments?post=2527"}],"version-history":[{"count":6,"href":"https:\/\/etlp-bue.infd.edu.ar\/sitio\/wp-json\/wp\/v2\/pages\/2527\/revisions"}],"predecessor-version":[{"id":3340,"href":"https:\/\/etlp-bue.infd.edu.ar\/sitio\/wp-json\/wp\/v2\/pages\/2527\/revisions\/3340"}],"wp:attachment":[{"href":"https:\/\/etlp-bue.infd.edu.ar\/sitio\/wp-json\/wp\/v2\/media?parent=2527"}],"curies":[{"name":"wp","href":"https:\/\/api.w.org\/{rel}","templated":true}]}}