{"id":2727,"date":"2024-11-11T15:14:49","date_gmt":"2024-11-11T18:14:49","guid":{"rendered":"https:\/\/etlp-bue.infd.edu.ar\/sitio\/?page_id=2727"},"modified":"2024-11-14T14:12:26","modified_gmt":"2024-11-14T17:12:26","slug":"preguntas-frecuentes","status":"publish","type":"page","link":"https:\/\/etlp-bue.infd.edu.ar\/sitio\/preguntas-frecuentes\/","title":{"rendered":"Preguntas frecuentes"},"content":{"rendered":"\n<!DOCTYPE html>\n<html>\n<head>\n  <title>Preguntas Frecuentes<\/title>\n  <script src=\"https:\/\/ajax.googleapis.com\/ajax\/libs\/jquery\/3.6.0\/jquery.min.js\"><\/script>\n  <style>\n    .faq-answer {\n      display: none;\n    }\n  <\/style>\n<\/head>\n<body>\n\n<head>\n<style>\nH2{\ncolor: #cb00ef;\n}\n<\/style>\n<\/head>\n\n<div style=\"margin-bottom: 30px;margin-top: 30px\">\n<H2>SOBRE LA INSTITUCI\u00d3N<\/h2>\n<\/div>\n\n<div class=\"faq-item\">\n  <h5 class=\"faq-question\">\u00bfD\u00f3nde est\u00e1 ubicada la Escuela de Teatro La Plata (ETLP)?<\/h5>\n  <div class=\"faq-answer\">\n<div style=\"margin-bottom: 20px;\">\n    La ETLP se ubica en la ciudad de La Plata, Provincia de Buenos Aires.\nCuenta con dos edificios: Sede Institucional (calle 51 n\u00b0419 e\/3 y 4) y Edificio Anexo (calle 49 n\u00b0340 y diagonal 77).\n  <\/div>\n<\/div>\n\n<div class=\"faq-item\">\n  <h5 class=\"faq-question\">\u00bfLa Escuela de Teatro La Plata es gratuita?<\/h5>\n  <div class=\"faq-answer\">\n<div style=\"margin-bottom: 20px;\">\n    S\u00ed, es una instituci\u00f3n p\u00fablica y gratuita.\n  <\/div>\n<\/div>\n\n<div class=\"faq-item\">\n  <h5 class=\"faq-question\">\u00bfLa Escuela de Teatro ofrece cursos?<\/h5>\n  <div class=\"faq-answer\">\n<div style=\"margin-bottom: 20px;\">\n    No, la ETLP no ofrece cursos.\nLa Escuela de Teatro La Plata es una instituci\u00f3n de Educaci\u00f3n Superior, dependiente de la Direcci\u00f3n de Educaci\u00f3n Art\u00edstica de la Direcci\u00f3n General de Cultura y Educaci\u00f3n de la Provincia de Buenos Aires. Brinda formaci\u00f3n profesional docente y t\u00e9cnica especializada en Artes \/ Teatro con t\u00edtulos habilitantes para el ejercicio profesional.\n  <\/div>\n<\/div>\n\n<div class=\"faq-item\">\n  <h5 class=\"faq-question\">\u00bfNecesito contar con experiencia previa para inscribirme?<\/h5>\n  <div class=\"faq-answer\">\n<div style=\"margin-bottom: 20px;\">\n    No es necesario tener experiencia previa para inscribirse. \n  <\/div>\n<\/div>\n\n<div class=\"faq-item\">\n  <h5 class=\"faq-question\">\u00bfQu\u00e9 carreras se pueden estudiar?<\/h5>\n  <div class=\"faq-answer\">\n<div style=\"margin-bottom: 20px;\">\nLa Escuela de Teatro ofrece las siguientes carreras:\n<i>(clicke\u00e1 para acceder a los planes de estudio)<\/i>\n<ul>\n<li><a href=\"https:\/\/drive.google.com\/file\/d\/1LR9MGbHmrxjDx2jyfQuJDhZVZRXwXFoJ\/view\">Profesorado de Teatro<\/a> (Res. N\u00b0 175\/11)<\/li>\n<li><a href=\"https:\/\/docs.google.com\/document\/d\/1Q0aXf15fQzxpo29OG7mdpuGR4vSda16x\/edit\">Tecnicatura en Actuaci\u00f3n<\/a> (Res. N\u00b0 13255\/99)<\/li>\n<li><a href=\"https:\/\/docs.google.com\/document\/d\/1S7vFxdU5Ry_SlaUkKKj3epdQtdO-ssHcZE35lFS07YY\/edit?tab=t.0\">Tecnicatura en Maquillaje<\/a> (Res. N\u00ba 3100\/00)<\/li>\n<li><a href=\"https:\/\/docs.google.com\/document\/d\/1BiG8aJKp0R_0eBRnLhJ06SIvG2sbeF1f2I6gLeW7Pfg\/edit?tab=t.0\">Tecnicatura en Escenograf\u00eda<\/a> (Res. N\u00ba 3100\/00)<\/li>\n<li><a href=\"https:\/\/docs.google.com\/document\/d\/1Mzf4RuQxA032_KGn59MmPDI3xETIrvXpAZCk7IqZHJ4\/edit?tab=t.0\">Tecnicatura en Vestuario<\/a> (Res. N\u00ba 3100\/00)<\/li>\n<\/ul>\n\nAdem\u00e1s, ofrece un programa de formaci\u00f3n en lenguaje para adolescentes de 14 a 17 a\u00f1os, con una duraci\u00f3n de dos a\u00f1os.\n  <\/div>\n<\/div>\n\n<div class=\"faq-item\">\n  <h5 class=\"faq-question\">\u00bfCu\u00e1l es la duraci\u00f3n de cada carrera?<\/h5>\n  <div class=\"faq-answer\">\n<div style=\"margin-bottom: 20px;\">\n<ul>\n<li>Profesorado de Teatro \u2013 4 a\u00f1os<\/li>\n<li>Tecnicatura en Actuaci\u00f3n \u2013 3 a\u00f1os<\/li>\n<li>Tecnicatura en Escenograf\u00eda \u2013 4 a\u00f1os (1 de FoBa, 3 de carrera)<\/li>\n<li>Tecnicatura en Maquillaje \u2013 3 a\u00f1os (1 de FoBa, 2 de carrera)<\/li>\n<li>Tecnicatura en Vestuario \u2013 3 a\u00f1os (1 de FoBa, 2 de carrera)<\/li>\n<\/ul>\n  <\/div>\n<\/div>\n\n<div class=\"faq-item\">\n  <h5 class=\"faq-question\">\u00bfHay clases por la ma\u00f1ana o por la tarde?<\/h5>\n  <div class=\"faq-answer\">\n<div style=\"margin-bottom: 20px;\">\n    La escuela cuenta con 3 turnos disponibles:\n<ul>\n<li>Turno ma\u00f1ana de 8 a 14 hs.<\/li>\n<li>Turno tarde de 12 a 18 hs.<\/li>\n<li>Turno noche de 16 a 22 hs.<\/li>\n<\/ul>\nLas carreras Profesorado de Teatro y Tecnicatura en Actuaci\u00f3n se pueden cursar en cualquiera de los 3 turnos. \nLas Tecnicaturas en Escenograf\u00eda, Maquillaje y Vestuario (escenopl\u00e1sticas) se dictan s\u00f3lo en turno noche.\n  <\/div>\n<\/div>\n\n<div class=\"faq-item\">\n  <h5 class=\"faq-question\">\u00bfSe puede cambiar de turno?<\/h5>\n  <div class=\"faq-answer\">\n<div style=\"margin-bottom: 20px;\">\n    S\u00ed, a partir del 2do cuatrimestre con certificado laboral que justifique el cambio.\n  <\/div>\n<\/div>\n\n<div style=\"margin-bottom: 30px;margin-top: 30px\">\n<H2>SOBRE LA INSCRIPCI\u00d3N<\/h2>\n<\/div>\n\n<div class=\"faq-item\">\n  <h5 class=\"faq-question\">\u00bfD\u00f3nde y c\u00f3mo puedo inscribirme?<\/h5>\n  <div class=\"faq-answer\">\n<div style=\"margin-bottom: 20px;\">\n    Durante el per\u00edodo indicado, es necesario completar una preinscripci\u00f3n online y luego presentar la documentaci\u00f3n en papel en el Edificio Sede. Si viv\u00eds a m\u00e1s de 100 km de La Plata, pod\u00e9s enviar la documentaci\u00f3n en formato digital por correo electr\u00f3nico.\n  <\/div>\n<\/div>\n\n<div class=\"faq-item\">\n  <h5 class=\"faq-question\">\u00bfQu\u00e9 documentaci\u00f3n necesito presentar?<\/h5>\n  <div class=\"faq-answer\">\n<div style=\"margin-bottom: 20px;\">\n<ul>\n<li>Planilla de <a href=\"https:\/\/drive.google.com\/file\/d\/1LR9MGbHmrxjDx2jyfQuJDhZVZRXwXFoJ\/view\">solicitud de inscripci\u00f3n<\/a><\/li>\n<li>Fotocopia de DNI<\/li>\n<li>T\u00edtulo registrado en Prov. de Bs. As. (copia) o  certificado de t\u00edtulo en tr\u00e1mite \/  constancia de haber finalizado el 6\u00b0 a\u00f1o del Nivel Secundario. En caso de adeudar materias la fecha m\u00e1xima para aprobarlas es agosto de 2025.<\/li>\n<li>2 Fotos carnet<\/li>\n<\/ul>\n  <\/div>\n<\/div>\n\n<div class=\"faq-item\">\n  <h5 class=\"faq-question\">\u00bfCu\u00e1les son los requisitos para la inscripci\u00f3n?<\/h5>\n  <div class=\"faq-answer\">\n<div style=\"margin-bottom: 20px;\">\n    Profesorado de Teatro y Tecnicatura en Actuaci\u00f3n: Secundario completo.\nTecnicaturas en Maquillaje, Vestuario y Escenograf\u00eda:  Tener acreditado el 5to a\u00f1o del secundario.\n  <\/div>\n<\/div>\n\n<div class=\"faq-item\">\n  <h5 class=\"faq-question\">\u00bfSe ingresa de manera directa? <\/h5>\n  <div class=\"faq-answer\">\n<div style=\"margin-bottom: 20px;\">\n    S\u00ed, el ingreso es directo, excepto si se excede el cupo disponible por carrera y turno. En ese caso, se realizar\u00e1 un sorteo entre lxs aspirantes que hayan entregado la documentaci\u00f3n correspondiente. \n  <\/div>\n<\/div>\n\n<div class=\"faq-item\">\n  <h5 class=\"faq-question\">\u00bfHay l\u00edmite de edad para inscribirse?<\/h5>\n  <div class=\"faq-answer\">\n<div style=\"margin-bottom: 20px;\">\n    No, no hay l\u00edmite de edad para ingresar a la ETLP. \n  <\/div>\n<\/div>\n\n<div class=\"faq-item\">\n  <h5 class=\"faq-question\">\u00bfPuedo anotarme en dos carreras a la vez?<\/h5>\n  <div class=\"faq-answer\">\n<div style=\"margin-bottom: 20px;\">\nAl ingresar a la ETLP, solo es posible inscribirse en una carrera. No obstante, al a\u00f1o siguiente pod\u00e9s optar por inscribirte en otra carrera.\n  <\/div>\n<\/div>\n\n<div class=\"faq-item\">\n  <h5 class=\"faq-question\">\u00bfSi ya estoy inscriptx en una carrera y me inscribo en otra, tengo que volver a entregar la documentaci\u00f3n?<\/h5>\n  <div class=\"faq-answer\">\n<div style=\"margin-bottom: 20px;\">\n    S\u00ed, es necesario volver a entregar la documentaci\u00f3n porque se confeccionan legajos distintos por carrera.\n  <\/div>\n<\/div>\n\n<div style=\"margin-bottom: 30px;margin-top: 30px\">\n<H2>SOBRE LAS CURSADAS<\/h2>\n<\/div>\n\n<div class=\"faq-item\">\n  <h5 class=\"faq-question\">\u00bfEs necesario anotarse a todas las materias en el primer a\u00f1o de cursada? <\/h5>\n  <div class=\"faq-answer\">\n<div style=\"margin-bottom: 20px;\">\n    La matriculaci\u00f3n de ingresantes ser\u00e1 autom\u00e1tica de acuerdo al turno \/ carrera en el que se inscribieron. En caso de optar por no cursar la totalidad de las materias o rendir libre lo deber\u00e1 informar a preceptor\u00eda de la carrera y turno a partir de febrero previo al inicio de clases. \n  <\/div>\n<\/div>\n\n<div class=\"faq-item\">\n  <h5 class=\"faq-question\">\u00bfLas cursadas son presenciales o puedo rendir libre?<\/h5>\n  <div class=\"faq-answer\">\n<div style=\"margin-bottom: 20px;\">\n    Al inicio del ciclo lectivo la\/el\/lx estudiante, deber\u00e1 matricularse por formulario online bajo la modalidad regular y\/o libre. \n<ul>\n<li>CURSADA REGULAR: se refiere a la asistencia semanal a un espacio curricular. Para mantener la regularidad se requiere aprobar la cursada en cada cuatrimestre con nota m\u00ednima de 4 puntos y asistencia del 80%.<\/li> \n<li>EXAMEN LIBRE: sin cursada anual, present\u00e1ndose directamente a la instancia de examen final en alguno de los cinco llamados del ciclo lectivo (marzo \u2013 mayo \u2013 agosto \u2013 octubre \u2013 diciembre). El\/la\/lx Estudiante podr\u00e1 inscribirse bajo la modalidad libre hasta un 30% de espacios curriculares del nivel.<\/li>\n<\/ul>\nQuedan exceptuados de este r\u00e9gimen los Talleres, Espacios de Definici\u00f3n Institucional (EDI)  y los Campos de la Pr\u00e1ctica Docente y la Pr\u00e1ctica Profesional.\n  <\/div>\n<\/div>\n\n<div class=\"faq-item\">\n  <h5 class=\"faq-question\">\u00bfC\u00f3mo puedo solicitar equivalencias?<\/h5>\n  <div class=\"faq-answer\">\n<div style=\"margin-bottom: 20px;\">\nPara solicitar equivalencias, es necesario ser estudiante de la instituci\u00f3n y haber realizado la matriculaci\u00f3n al inicio del ciclo lectivo. En el caso de ser ingresante, se deber\u00e1 tener la vacante confirmada y la documentaci\u00f3n presentada.\nLas solicitudes se realizan por formulario online para equivalencias internas (entre carreras de la ETLP) y por correo <a href=\"mailto:equivalenciasetlp@gmail.com\">equivalenciasetlp@gmail.com<\/a>, para equivalencias externas (proveniente de otra instituci\u00f3n), adjuntando el certificado anal\u00edtico, el t\u00edtulo, y otros documentos requeridos. Es importante tener en cuenta que las materias deben haber sido cursadas en los \u00faltimos 6 a\u00f1os para ser consideradas equivalentes.\n  <\/div>\n<\/div>\n\n<div class=\"faq-item\">\n  <h5 class=\"faq-question\">\u00bfQu\u00e9 son las mesas de ex\u00e1menes y cu\u00e1ndo se realizan?<\/h5>\n  <div class=\"faq-answer\">\n<div style=\"margin-bottom: 20px;\">\n    Las mesas de ex\u00e1menes permiten a lxs estudiantes rendir materias en modalidad regular o libre. Los llamados se realizan en diciembre, febrero-marzo, y julio-agosto. Para rendir, es obligatorio inscribirse completando el formulario online en los plazos establecidos.\n  <\/div>\n<\/div>\n\n\n<script>\n  $(document).ready(function(){\n    $(\".faq-question\").click(function(){\n      $(this).next().slideToggle();\n    });\n  });\n<\/script>\n\n<\/body>\n<\/html>\n","protected":false},"excerpt":{"rendered":"<p>Preguntas Frecuentes SOBRE LA INSTITUCI\u00d3N \u00bfD\u00f3nde est\u00e1 ubicada la Escuela de Teatro La Plata (ETLP)? La ETLP se ubica en la ciudad de La Plata, Provincia de Buenos Aires. Cuenta con dos edificios: Sede Institucional (calle 51 n\u00b0419 e\/3 y 4) y Edificio Anexo (calle 49 n\u00b0340 y diagonal 77). \u00bfLa Escuela de Teatro La &#8230; <a title=\"Preguntas frecuentes\" class=\"read-more\" href=\"https:\/\/etlp-bue.infd.edu.ar\/sitio\/preguntas-frecuentes\/\" aria-label=\"More on Preguntas frecuentes\">[+]<\/a><\/p>\n","protected":false},"author":82,"featured_media":0,"parent":0,"menu_order":0,"comment_status":"closed","ping_status":"closed","template":"","meta":[],"acf":[],"_links":{"self":[{"href":"https:\/\/etlp-bue.infd.edu.ar\/sitio\/wp-json\/wp\/v2\/pages\/2727"}],"collection":[{"href":"https:\/\/etlp-bue.infd.edu.ar\/sitio\/wp-json\/wp\/v2\/pages"}],"about":[{"href":"https:\/\/etlp-bue.infd.edu.ar\/sitio\/wp-json\/wp\/v2\/types\/page"}],"author":[{"embeddable":true,"href":"https:\/\/etlp-bue.infd.edu.ar\/sitio\/wp-json\/wp\/v2\/users\/82"}],"replies":[{"embeddable":true,"href":"https:\/\/etlp-bue.infd.edu.ar\/sitio\/wp-json\/wp\/v2\/comments?post=2727"}],"version-history":[{"count":14,"href":"https:\/\/etlp-bue.infd.edu.ar\/sitio\/wp-json\/wp\/v2\/pages\/2727\/revisions"}],"predecessor-version":[{"id":2775,"href":"https:\/\/etlp-bue.infd.edu.ar\/sitio\/wp-json\/wp\/v2\/pages\/2727\/revisions\/2775"}],"wp:attachment":[{"href":"https:\/\/etlp-bue.infd.edu.ar\/sitio\/wp-json\/wp\/v2\/media?parent=2727"}],"curies":[{"name":"wp","href":"https:\/\/api.w.org\/{rel}","templated":true}]}}