{"id":2773,"date":"2024-11-15T13:33:30","date_gmt":"2024-11-15T16:33:30","guid":{"rendered":"https:\/\/etlp-bue.infd.edu.ar\/sitio\/?page_id=2773"},"modified":"2025-02-24T12:06:40","modified_gmt":"2025-02-24T15:06:40","slug":"0-profesorado-de-teatro","status":"publish","type":"page","link":"https:\/\/etlp-bue.infd.edu.ar\/sitio\/0-profesorado-de-teatro\/","title":{"rendered":"0-Profesorado de Teatro"},"content":{"rendered":"\n<h2 class=\"wp-block-heading\">Profesorado de Teatro<\/h2>\n\n\n\n<p>La carrera presenta dos cuestiones fundamentales, por un lado, los aspectos referidos al conocimiento de un lenguaje art\u00edstico en sus estructuras, modos de operaci\u00f3n, procedimientos productivos e instancias de circulaci\u00f3n e interpretaci\u00f3n, as\u00ed como a sus transformaciones a lo largo de la historia y sus relaciones con el contexto; y por otro lado, y simult\u00e1neamente, la consideraci\u00f3n de las problem\u00e1ticas particulares de la ense\u00f1anza, cuya discusi\u00f3n deviene del campo de la pedagog\u00eda.<\/p>\n\n\n\n<p>Esto le da al egresadx la posibilidad de desempe\u00f1arse profesionalmente con solvencia t\u00e9cnica y acad\u00e9mica, pensamiento cr\u00edtico y capacidad interpretativa de los cambios que se sucedan en el contexto y en su \u00e1rea de conocimiento espec\u00edfico como as\u00ed tambi\u00e9n las caracter\u00edsticas necesarias seg\u00fan su realidad territorial, los espacios donde desarrolla su tarea, los diferentes grupos de alumnxs y los Dise\u00f1os Curriculares de los distintos niveles del sistema educativo.<\/p>\n\n\n\n<p>La carrera cuenta con 128 horas de EDI (Espacio de Definici\u00f3n Institucional) y con 36 asignaturas dividida en cuatro a\u00f1os (9 en los dos primeros a\u00f1os, 8 en el tercer a\u00f1o y 10 en el cuarto a\u00f1o) contando cada a\u00f1o con materias Espec\u00edficas, Generales y las de las Pr\u00e1cticas Profesional.<\/p>\n\n\n\n<div style=\"height:10px\" aria-hidden=\"true\" class=\"wp-block-spacer\"><\/div>\n\n\n\n<h2 class=\"wp-block-heading\">Horarios<\/h2>\n\n\n\n<div class=\"wp-block-buttons is-content-justification-center is-layout-flex wp-container-1\">\n<div class=\"wp-block-button has-custom-width wp-block-button__width-25\"><a class=\"wp-block-button__link has-background wp-element-button\" href=\"https:\/\/docs.google.com\/spreadsheets\/d\/15Swe24T_1_q33o7PMJWTVp1pxILuKYa-\/edit?gid=1476206239#gid=1476206239\" style=\"background-color:#ffab00\" target=\"_blank\" rel=\"noreferrer noopener\">1\u00b0 a\u00f1o<\/a><\/div>\n\n\n\n<div class=\"wp-block-button has-custom-width wp-block-button__width-25\"><a class=\"wp-block-button__link has-background wp-element-button\" href=\"https:\/\/docs.google.com\/spreadsheets\/d\/15Swe24T_1_q33o7PMJWTVp1pxILuKYa-\/edit?gid=776887907#gid=776887907\" style=\"background-color:#ffab00\" target=\"_blank\" rel=\"noreferrer noopener\">2\u00b0 a\u00f1o<\/a><\/div>\n\n\n\n<div class=\"wp-block-button has-custom-width wp-block-button__width-25\"><a class=\"wp-block-button__link has-background wp-element-button\" href=\"https:\/\/docs.google.com\/spreadsheets\/d\/15Swe24T_1_q33o7PMJWTVp1pxILuKYa-\/edit?gid=1646361917#gid=1646361917\" style=\"background-color:#ffab00\" target=\"_blank\" rel=\"noreferrer noopener\">3\u00b0 a\u00f1o<\/a><\/div>\n\n\n\n<div class=\"wp-block-button has-custom-width wp-block-button__width-25\"><a class=\"wp-block-button__link has-background wp-element-button\" href=\"https:\/\/docs.google.com\/spreadsheets\/d\/15Swe24T_1_q33o7PMJWTVp1pxILuKYa-\/edit?gid=1688900559#gid=1688900559\" style=\"background-color:#ffab00\" target=\"_blank\" rel=\"noreferrer noopener\">4\u00b0 a\u00f1o<\/a><\/div>\n\n\n\n<div class=\"wp-block-button has-custom-width wp-block-button__width-25\"><a class=\"wp-block-button__link has-background wp-element-button\" href=\"https:\/\/docs.google.com\/spreadsheets\/d\/15Swe24T_1_q33o7PMJWTVp1pxILuKYa-\/edit?gid=1306559627#gid=1306559627\" style=\"background-color:#ffab00\" target=\"_blank\" rel=\"noreferrer noopener\">EDIs<\/a><\/div>\n<\/div>\n\n\n\n<div style=\"height:10px\" aria-hidden=\"true\" class=\"wp-block-spacer\"><\/div>\n\n\n\n<h2 class=\"wp-block-heading\">Plan de estudios<\/h2>\n\n\n\n<p><em><a href=\"https:\/\/drive.google.com\/file\/d\/1LR9MGbHmrxjDx2jyfQuJDhZVZRXwXFoJ\/view\" target=\"_blank\" rel=\"noreferrer noopener\">Descargar plan de estudios<\/a><\/em><\/p>\n\n\n\n<iframe src=\"https:\/\/docs.google.com\/spreadsheets\/d\/e\/2PACX-1vT6E1W5gPq8sUzrFJ4betxXqDYeELOUH_FIGaEDSXiS91w3MWIqK-GaSgyrbre74YU-sVCCax6uFyQ-\/pubhtml?gid=0&amp;single=true&amp;widget=true&amp;headers=false\"\nheaders=false\";\nwidth= 1080;\nheight= 2450;\nborder= none;\n>\n\n<\/iframe>\n","protected":false},"excerpt":{"rendered":"<p>Profesorado de Teatro La carrera presenta dos cuestiones fundamentales, por un lado, los aspectos referidos al conocimiento de un lenguaje art\u00edstico en sus estructuras, modos de operaci\u00f3n, procedimientos productivos e instancias de circulaci\u00f3n e interpretaci\u00f3n, as\u00ed como a sus transformaciones a lo largo de la historia y sus relaciones con el contexto; y por otro &#8230; <a title=\"0-Profesorado de Teatro\" class=\"read-more\" href=\"https:\/\/etlp-bue.infd.edu.ar\/sitio\/0-profesorado-de-teatro\/\" aria-label=\"More on 0-Profesorado de Teatro\">[+]<\/a><\/p>\n","protected":false},"author":82,"featured_media":0,"parent":0,"menu_order":0,"comment_status":"closed","ping_status":"closed","template":"","meta":[],"acf":[],"_links":{"self":[{"href":"https:\/\/etlp-bue.infd.edu.ar\/sitio\/wp-json\/wp\/v2\/pages\/2773"}],"collection":[{"href":"https:\/\/etlp-bue.infd.edu.ar\/sitio\/wp-json\/wp\/v2\/pages"}],"about":[{"href":"https:\/\/etlp-bue.infd.edu.ar\/sitio\/wp-json\/wp\/v2\/types\/page"}],"author":[{"embeddable":true,"href":"https:\/\/etlp-bue.infd.edu.ar\/sitio\/wp-json\/wp\/v2\/users\/82"}],"replies":[{"embeddable":true,"href":"https:\/\/etlp-bue.infd.edu.ar\/sitio\/wp-json\/wp\/v2\/comments?post=2773"}],"version-history":[{"count":31,"href":"https:\/\/etlp-bue.infd.edu.ar\/sitio\/wp-json\/wp\/v2\/pages\/2773\/revisions"}],"predecessor-version":[{"id":3281,"href":"https:\/\/etlp-bue.infd.edu.ar\/sitio\/wp-json\/wp\/v2\/pages\/2773\/revisions\/3281"}],"wp:attachment":[{"href":"https:\/\/etlp-bue.infd.edu.ar\/sitio\/wp-json\/wp\/v2\/media?parent=2773"}],"curies":[{"name":"wp","href":"https:\/\/api.w.org\/{rel}","templated":true}]}}