{"id":2835,"date":"2024-11-20T13:43:44","date_gmt":"2024-11-20T16:43:44","guid":{"rendered":"https:\/\/etlp-bue.infd.edu.ar\/sitio\/?page_id=2835"},"modified":"2025-02-24T12:07:26","modified_gmt":"2025-02-24T15:07:26","slug":"0-tecnicatura-en-escenografia","status":"publish","type":"page","link":"https:\/\/etlp-bue.infd.edu.ar\/sitio\/0-tecnicatura-en-escenografia\/","title":{"rendered":"0-Tecnicatura en Escenograf\u00eda"},"content":{"rendered":"\n<h2 class=\"wp-block-heading\">Tecnicatura en Escenograf\u00eda<\/h2>\n\n\n\n<p>Es una formaci\u00f3n t\u00e9cnica y epistemol\u00f3gica integral fuertemente anclada al hecho teatral. Con tres a\u00f1os de duraci\u00f3n y un a\u00f1o previo proped\u00e9utico de FoBa que sit\u00faa al ingresante en lo que va a ser el resto de la carrera. Le t\u00e9cnicx Escen\u00f3grafx contar\u00e1 con las herramientas necesarias para situarse en el medio teatral como un profesional con capacidades te\u00f3ricas y pr\u00e1cticas, con&nbsp; la ventaja de tener dentro de su formaci\u00f3n una pr\u00e1ctica profesionalizante integrada en el \u00faltimo a\u00f1o de la carrera a la altura de las exigencias del campo de la producci\u00f3n cultural. Podr\u00e1 dise\u00f1ar y desarrollar un proyecto escenogr\u00e1fico y de iluminaci\u00f3n completo y tener conocimientos como para sugerir propuestas est\u00e9ticas de vestuario.<\/p>\n\n\n\n<div style=\"height:10px\" aria-hidden=\"true\" class=\"wp-block-spacer\"><\/div>\n\n\n\n<h2 class=\"wp-block-heading\">Horarios<\/h2>\n\n\n\n<div class=\"wp-block-buttons is-layout-flex\">\n<div class=\"wp-block-button has-custom-width wp-block-button__width-25\"><a class=\"wp-block-button__link has-background wp-element-button\" href=\"https:\/\/docs.google.com\/spreadsheets\/d\/e\/2PACX-1vT5YdVERZOc6BPLBZ2ooPKxV57v4KxpPCgywdkA8CuUZaXCN-NRYJb-z0UGJvVqzx0rwl-Rl8xH-1Uq\/pubhtml?gid=1521309783&amp;single=true\" style=\"background-color:#254496\" target=\"_blank\" rel=\"noreferrer noopener\">FoBa<\/a><\/div>\n\n\n\n<div class=\"wp-block-button has-custom-width wp-block-button__width-25\"><a class=\"wp-block-button__link has-background wp-element-button\" href=\"https:\/\/docs.google.com\/spreadsheets\/d\/e\/2PACX-1vT5YdVERZOc6BPLBZ2ooPKxV57v4KxpPCgywdkA8CuUZaXCN-NRYJb-z0UGJvVqzx0rwl-Rl8xH-1Uq\/pubhtml?gid=1386383723&amp;single=true\" style=\"background-color:#254496\" target=\"_blank\" rel=\"noreferrer noopener\">1\u00b0 a\u00f1o<\/a><\/div>\n\n\n\n<div class=\"wp-block-button has-custom-width wp-block-button__width-25\"><a class=\"wp-block-button__link has-background wp-element-button\" href=\"https:\/\/docs.google.com\/spreadsheets\/d\/e\/2PACX-1vT5YdVERZOc6BPLBZ2ooPKxV57v4KxpPCgywdkA8CuUZaXCN-NRYJb-z0UGJvVqzx0rwl-Rl8xH-1Uq\/pubhtml?gid=939129148&amp;single=true\" style=\"background-color:#254496\" target=\"_blank\" rel=\"noreferrer noopener\">2\u00b0 a\u00f1o<\/a><\/div>\n\n\n\n<div class=\"wp-block-button has-custom-width wp-block-button__width-25\"><a class=\"wp-block-button__link has-background wp-element-button\" href=\"https:\/\/docs.google.com\/spreadsheets\/d\/e\/2PACX-1vT5YdVERZOc6BPLBZ2ooPKxV57v4KxpPCgywdkA8CuUZaXCN-NRYJb-z0UGJvVqzx0rwl-Rl8xH-1Uq\/pubhtml?gid=1182124763&amp;single=true\" style=\"background-color:#254496\" target=\"_blank\" rel=\"noreferrer noopener\">3\u00b0 a\u00f1o<\/a><\/div>\n<\/div>\n\n\n\n<div style=\"height:10px\" aria-hidden=\"true\" class=\"wp-block-spacer\"><\/div>\n\n\n\n<h2 class=\"wp-block-heading\">Plan de estudios<\/h2>\n\n\n\n<iframe src=\"https:\/\/docs.google.com\/spreadsheets\/d\/e\/2PACX-1vT6E1W5gPq8sUzrFJ4betxXqDYeELOUH_FIGaEDSXiS91w3MWIqK-GaSgyrbre74YU-sVCCax6uFyQ-\/pubhtml?gid=653037589&amp;single=true&amp;widget=true&amp;headers=false\"\nwidth= 100%;\nheight= 2100;\nborder= none;\n>\n\n<\/iframe>\n","protected":false},"excerpt":{"rendered":"<p>Tecnicatura en Escenograf\u00eda Es una formaci\u00f3n t\u00e9cnica y epistemol\u00f3gica integral fuertemente anclada al hecho teatral. Con tres a\u00f1os de duraci\u00f3n y un a\u00f1o previo proped\u00e9utico de FoBa que sit\u00faa al ingresante en lo que va a ser el resto de la carrera. Le t\u00e9cnicx Escen\u00f3grafx contar\u00e1 con las herramientas necesarias para situarse en el medio &#8230; <a title=\"0-Tecnicatura en Escenograf\u00eda\" class=\"read-more\" href=\"https:\/\/etlp-bue.infd.edu.ar\/sitio\/0-tecnicatura-en-escenografia\/\" aria-label=\"More on 0-Tecnicatura en Escenograf\u00eda\">[+]<\/a><\/p>\n","protected":false},"author":82,"featured_media":0,"parent":0,"menu_order":0,"comment_status":"closed","ping_status":"closed","template":"","meta":[],"acf":[],"_links":{"self":[{"href":"https:\/\/etlp-bue.infd.edu.ar\/sitio\/wp-json\/wp\/v2\/pages\/2835"}],"collection":[{"href":"https:\/\/etlp-bue.infd.edu.ar\/sitio\/wp-json\/wp\/v2\/pages"}],"about":[{"href":"https:\/\/etlp-bue.infd.edu.ar\/sitio\/wp-json\/wp\/v2\/types\/page"}],"author":[{"embeddable":true,"href":"https:\/\/etlp-bue.infd.edu.ar\/sitio\/wp-json\/wp\/v2\/users\/82"}],"replies":[{"embeddable":true,"href":"https:\/\/etlp-bue.infd.edu.ar\/sitio\/wp-json\/wp\/v2\/comments?post=2835"}],"version-history":[{"count":13,"href":"https:\/\/etlp-bue.infd.edu.ar\/sitio\/wp-json\/wp\/v2\/pages\/2835\/revisions"}],"predecessor-version":[{"id":3195,"href":"https:\/\/etlp-bue.infd.edu.ar\/sitio\/wp-json\/wp\/v2\/pages\/2835\/revisions\/3195"}],"wp:attachment":[{"href":"https:\/\/etlp-bue.infd.edu.ar\/sitio\/wp-json\/wp\/v2\/media?parent=2835"}],"curies":[{"name":"wp","href":"https:\/\/api.w.org\/{rel}","templated":true}]}}