{"id":2837,"date":"2024-11-20T13:45:12","date_gmt":"2024-11-20T16:45:12","guid":{"rendered":"https:\/\/etlp-bue.infd.edu.ar\/sitio\/?page_id=2837"},"modified":"2025-02-24T12:08:23","modified_gmt":"2025-02-24T15:08:23","slug":"0-tecnicatura-en-maquillaje","status":"publish","type":"page","link":"https:\/\/etlp-bue.infd.edu.ar\/sitio\/0-tecnicatura-en-maquillaje\/","title":{"rendered":"0-Tecnicatura en Maquillaje"},"content":{"rendered":"\n<h2 class=\"wp-block-heading\">Tecnicatura en Maquillaje<\/h2>\n\n\n\n<p>Si bien se introduce en el maquillaje social y cinematogr\u00e1fico, es una formaci\u00f3n t\u00e9cnica y epistemol\u00f3gica integral fuertemente anclada al hecho teatral. Con dos a\u00f1os de duraci\u00f3n y un a\u00f1o previo proped\u00e9utico de FoBa que sit\u00faa al ingresante en lo que va a ser el resto de la carrera. Le t\u00e9cnicx Maquilladxr contar\u00e1 con las herramientas te\u00f3rico pr\u00e1cticas como para dise\u00f1ar y realizar una propuesta est\u00e9tica de maquillaje teatral en concordancia con la puesta en escena y la propuesta est\u00e9tica desarrollada dado que en su formaci\u00f3n t\u00e9cnica, te\u00f3rico-pr\u00e1ctica realizar\u00e1 una pr\u00e1ctica profesionalizante integrada con el resto de las carreras de la ETLP que lo situar\u00e1 en la realidad de su campo de trabajo.<\/p>\n\n\n\n<h2 class=\"wp-block-heading\">Horarios<\/h2>\n\n\n\n<div class=\"wp-block-buttons is-content-justification-center is-layout-flex wp-container-1\">\n<div class=\"wp-block-button has-custom-width wp-block-button__width-25\"><a class=\"wp-block-button__link has-background wp-element-button\" href=\"https:\/\/docs.google.com\/spreadsheets\/d\/e\/2PACX-1vSf210MOSJ33xDVxPDzp63K5YwPlhaH_GXTUjsJMKDjrCX0YKOrhvkzdm1e2erstJD3D4_FEomH6GFq\/pubhtml?gid=900085341&amp;single=true\" style=\"background-color:#5e3a8e\" target=\"_blank\" rel=\"noreferrer noopener\">FoBa<\/a><\/div>\n\n\n\n<div class=\"wp-block-button has-custom-width wp-block-button__width-25\"><a class=\"wp-block-button__link has-background wp-element-button\" href=\"https:\/\/docs.google.com\/spreadsheets\/d\/e\/2PACX-1vSf210MOSJ33xDVxPDzp63K5YwPlhaH_GXTUjsJMKDjrCX0YKOrhvkzdm1e2erstJD3D4_FEomH6GFq\/pubhtml?gid=490336249&amp;single=true\" style=\"background-color:#5e3a8e\" target=\"_blank\" rel=\"noreferrer noopener\">1\u00b0 a\u00f1o<\/a><\/div>\n\n\n\n<div class=\"wp-block-button has-custom-width wp-block-button__width-25\"><a class=\"wp-block-button__link has-background has-text-align-center wp-element-button\" href=\"https:\/\/docs.google.com\/spreadsheets\/d\/e\/2PACX-1vSf210MOSJ33xDVxPDzp63K5YwPlhaH_GXTUjsJMKDjrCX0YKOrhvkzdm1e2erstJD3D4_FEomH6GFq\/pubhtml?gid=1079509201&amp;single=true\" style=\"background-color:#5e3a8e\" target=\"_blank\" rel=\"noreferrer noopener\">2\u00b0 a\u00f1o<\/a><\/div>\n<\/div>\n\n\n\n<div style=\"height:10px\" aria-hidden=\"true\" class=\"wp-block-spacer\"><\/div>\n\n\n\n<h2 class=\"wp-block-heading\">Plan de estudios<\/h2>\n\n\n\n<iframe src=\"https:\/\/docs.google.com\/spreadsheets\/d\/e\/2PACX-1vT6E1W5gPq8sUzrFJ4betxXqDYeELOUH_FIGaEDSXiS91w3MWIqK-GaSgyrbre74YU-sVCCax6uFyQ-\/pubhtml?gid=331561176&amp;single=true&amp;widget=true&amp;headers=false\"\nwidth= 1080;\nheight= 1600;\nborder= none;>\n<\/iframe>\n","protected":false},"excerpt":{"rendered":"<p>Tecnicatura en Maquillaje Si bien se introduce en el maquillaje social y cinematogr\u00e1fico, es una formaci\u00f3n t\u00e9cnica y epistemol\u00f3gica integral fuertemente anclada al hecho teatral. Con dos a\u00f1os de duraci\u00f3n y un a\u00f1o previo proped\u00e9utico de FoBa que sit\u00faa al ingresante en lo que va a ser el resto de la carrera. Le t\u00e9cnicx Maquilladxr &#8230; <a title=\"0-Tecnicatura en Maquillaje\" class=\"read-more\" href=\"https:\/\/etlp-bue.infd.edu.ar\/sitio\/0-tecnicatura-en-maquillaje\/\" aria-label=\"More on 0-Tecnicatura en Maquillaje\">[+]<\/a><\/p>\n","protected":false},"author":82,"featured_media":0,"parent":0,"menu_order":0,"comment_status":"closed","ping_status":"closed","template":"","meta":[],"acf":[],"_links":{"self":[{"href":"https:\/\/etlp-bue.infd.edu.ar\/sitio\/wp-json\/wp\/v2\/pages\/2837"}],"collection":[{"href":"https:\/\/etlp-bue.infd.edu.ar\/sitio\/wp-json\/wp\/v2\/pages"}],"about":[{"href":"https:\/\/etlp-bue.infd.edu.ar\/sitio\/wp-json\/wp\/v2\/types\/page"}],"author":[{"embeddable":true,"href":"https:\/\/etlp-bue.infd.edu.ar\/sitio\/wp-json\/wp\/v2\/users\/82"}],"replies":[{"embeddable":true,"href":"https:\/\/etlp-bue.infd.edu.ar\/sitio\/wp-json\/wp\/v2\/comments?post=2837"}],"version-history":[{"count":12,"href":"https:\/\/etlp-bue.infd.edu.ar\/sitio\/wp-json\/wp\/v2\/pages\/2837\/revisions"}],"predecessor-version":[{"id":3196,"href":"https:\/\/etlp-bue.infd.edu.ar\/sitio\/wp-json\/wp\/v2\/pages\/2837\/revisions\/3196"}],"wp:attachment":[{"href":"https:\/\/etlp-bue.infd.edu.ar\/sitio\/wp-json\/wp\/v2\/media?parent=2837"}],"curies":[{"name":"wp","href":"https:\/\/api.w.org\/{rel}","templated":true}]}}