{"id":2839,"date":"2024-11-20T13:46:52","date_gmt":"2024-11-20T16:46:52","guid":{"rendered":"https:\/\/etlp-bue.infd.edu.ar\/sitio\/?page_id=2839"},"modified":"2025-02-24T12:08:48","modified_gmt":"2025-02-24T15:08:48","slug":"0-tecnicatura-en-vestuario","status":"publish","type":"page","link":"https:\/\/etlp-bue.infd.edu.ar\/sitio\/0-tecnicatura-en-vestuario\/","title":{"rendered":"0-Tecnicatura en Vestuario"},"content":{"rendered":"\n<h2 class=\"wp-block-heading\">Tecnicatura en Vestuario<\/h2>\n\n\n\n<p>Es una formaci\u00f3n t\u00e9cnica y epistemol\u00f3gica integral fuertemente anclada al hecho teatral. Con dos a\u00f1os de duraci\u00f3n y un a\u00f1o previo proped\u00e9utico de FoBa que sit\u00faa al ingresante en lo que va a ser el resto de la carrera. Lx t\u00e9cnicx vestuarista contar\u00e1 con las herramientas necesarias para situarse como dise\u00f1ador de vestuario con conocimientos de realizaci\u00f3n y procesos constructivos, con s\u00f3lido manejo de la historia del traje y una fuente de recursos para el desarrollo de una propuesta est\u00e9tica de vestuario en concordancia a una puesta teatral y est\u00e9tica general de una puesta en escena. En su formaci\u00f3n contar\u00e1 con una pr\u00e1ctica profesionalizante integrada con la totalidad de las carreras de la ETLP que lo situar\u00e1 fehacientemente en el hacer de su campo de trabajo.<\/p>\n\n\n\n<div style=\"height:10px\" aria-hidden=\"true\" class=\"wp-block-spacer\"><\/div>\n\n\n\n<h2 class=\"wp-block-heading\">Horarios<\/h2>\n\n\n\n<div class=\"wp-block-buttons is-content-justification-center is-layout-flex wp-container-1\">\n<div class=\"wp-block-button has-custom-width wp-block-button__width-25\"><a class=\"wp-block-button__link has-background wp-element-button\" href=\"https:\/\/docs.google.com\/spreadsheets\/d\/e\/2PACX-1vQ3Hz5b3I5zGpzNVkI2f_TmoD_Xpij5um4l77R7gtiLEPpNz1H1tGfcEX757IfZ9zPamT8sJORMPH-N\/pubhtml?gid=1248011473&amp;single=true\" style=\"background-color:#ff6d01\" target=\"_blank\" rel=\"noreferrer noopener\">FoBa<\/a><\/div>\n\n\n\n<div class=\"wp-block-button has-custom-width wp-block-button__width-25\"><a class=\"wp-block-button__link has-background wp-element-button\" href=\"https:\/\/docs.google.com\/spreadsheets\/d\/e\/2PACX-1vQ3Hz5b3I5zGpzNVkI2f_TmoD_Xpij5um4l77R7gtiLEPpNz1H1tGfcEX757IfZ9zPamT8sJORMPH-N\/pubhtml?gid=721838532&amp;single=true\" style=\"background-color:#ff6d01\" target=\"_blank\" rel=\"noreferrer noopener\">1\u00b0 a\u00f1o<\/a><\/div>\n\n\n\n<div class=\"wp-block-button has-custom-width wp-block-button__width-25\"><a class=\"wp-block-button__link has-background has-text-align-center wp-element-button\" href=\"https:\/\/docs.google.com\/spreadsheets\/d\/e\/2PACX-1vQ3Hz5b3I5zGpzNVkI2f_TmoD_Xpij5um4l77R7gtiLEPpNz1H1tGfcEX757IfZ9zPamT8sJORMPH-N\/pubhtml?gid=84736425&amp;single=true\" style=\"background-color:#ff6d01\" target=\"_blank\" rel=\"noreferrer noopener\">2\u00b0 a\u00f1o<\/a><\/div>\n<\/div>\n\n\n\n<div style=\"height:10px\" aria-hidden=\"true\" class=\"wp-block-spacer\"><\/div>\n\n\n\n<h2 class=\"wp-block-heading\">Plan de estudios<\/h2>\n\n\n\n<iframe src=\"https:\/\/docs.google.com\/spreadsheets\/d\/e\/2PACX-1vT6E1W5gPq8sUzrFJ4betxXqDYeELOUH_FIGaEDSXiS91w3MWIqK-GaSgyrbre74YU-sVCCax6uFyQ-\/pubhtml?gid=1518852779&amp;single=true&amp;widget=true&amp;headers=false\"\nwidth= 1080;\nheight= 1400;\nborder= none;\n>\n<\/iframe>\n","protected":false},"excerpt":{"rendered":"<p>Tecnicatura en Vestuario Es una formaci\u00f3n t\u00e9cnica y epistemol\u00f3gica integral fuertemente anclada al hecho teatral. Con dos a\u00f1os de duraci\u00f3n y un a\u00f1o previo proped\u00e9utico de FoBa que sit\u00faa al ingresante en lo que va a ser el resto de la carrera. Lx t\u00e9cnicx vestuarista contar\u00e1 con las herramientas necesarias para situarse como dise\u00f1ador de &#8230; <a title=\"0-Tecnicatura en Vestuario\" class=\"read-more\" href=\"https:\/\/etlp-bue.infd.edu.ar\/sitio\/0-tecnicatura-en-vestuario\/\" aria-label=\"More on 0-Tecnicatura en Vestuario\">[+]<\/a><\/p>\n","protected":false},"author":82,"featured_media":0,"parent":0,"menu_order":0,"comment_status":"closed","ping_status":"closed","template":"","meta":[],"acf":[],"_links":{"self":[{"href":"https:\/\/etlp-bue.infd.edu.ar\/sitio\/wp-json\/wp\/v2\/pages\/2839"}],"collection":[{"href":"https:\/\/etlp-bue.infd.edu.ar\/sitio\/wp-json\/wp\/v2\/pages"}],"about":[{"href":"https:\/\/etlp-bue.infd.edu.ar\/sitio\/wp-json\/wp\/v2\/types\/page"}],"author":[{"embeddable":true,"href":"https:\/\/etlp-bue.infd.edu.ar\/sitio\/wp-json\/wp\/v2\/users\/82"}],"replies":[{"embeddable":true,"href":"https:\/\/etlp-bue.infd.edu.ar\/sitio\/wp-json\/wp\/v2\/comments?post=2839"}],"version-history":[{"count":7,"href":"https:\/\/etlp-bue.infd.edu.ar\/sitio\/wp-json\/wp\/v2\/pages\/2839\/revisions"}],"predecessor-version":[{"id":3182,"href":"https:\/\/etlp-bue.infd.edu.ar\/sitio\/wp-json\/wp\/v2\/pages\/2839\/revisions\/3182"}],"wp:attachment":[{"href":"https:\/\/etlp-bue.infd.edu.ar\/sitio\/wp-json\/wp\/v2\/media?parent=2839"}],"curies":[{"name":"wp","href":"https:\/\/api.w.org\/{rel}","templated":true}]}}