{"id":286,"date":"2016-10-31T13:17:59","date_gmt":"2016-10-31T16:17:59","guid":{"rendered":"https:\/\/etlp-bue.infd.edu.ar\/sitio\/?page_id=286"},"modified":"2026-04-27T13:59:51","modified_gmt":"2026-04-27T16:59:51","slug":"inicio","status":"publish","type":"page","link":"https:\/\/etlp-bue.infd.edu.ar\/sitio\/","title":{"rendered":"Inicio"},"content":{"rendered":"\n<p><\/p>\n\n\n<div id=\"metaslider-id-3934\" style=\"width: 100%; margin: 0 auto;\" class=\"ml-slider-3-33-0 metaslider metaslider-flex metaslider-3934 ml-slider ms-theme-default\" role=\"region\" aria-roledescription=\"Slideshow\" aria-label=\"Slideshow\">\n    <div id=\"metaslider_container_3934\">\n        <div id=\"metaslider_3934\" class=\"flexslider\">\n            <ul aria-live=\"polite\" class=\"slides\">\n                <li style=\"display: none; width: 100%;\" class=\"slide-3937 ms-image\" aria-roledescription=\"slide\" aria-label=\"slide-3937\"><img src=\"https:\/\/etlp-bue.infd.edu.ar\/sitio\/wp-content\/uploads\/2026\/04\/1-1-1080x1350.png\" height=\"1350\" width=\"1080\" alt=\"\" class=\"slider-3934 slide-3937\" title=\"1\" \/><\/li>\n                <li style=\"display: none; width: 100%;\" class=\"slide-3938 ms-image\" aria-roledescription=\"slide\" aria-label=\"slide-3938\"><img src=\"https:\/\/etlp-bue.infd.edu.ar\/sitio\/wp-content\/uploads\/2026\/04\/2-1-1080x1350.png\" height=\"1350\" width=\"1080\" alt=\"\" class=\"slider-3934 slide-3938\" title=\"2\" \/><\/li>\n            <\/ul>\n        <\/div>\n        \n    <\/div>\n<\/div>\n\n\n<div id=\"metaslider-id-3903\" style=\"width: 100%; margin: 0 auto;\" class=\"ml-slider-3-33-0 metaslider metaslider-flex metaslider-3903 ml-slider ms-theme-default\" role=\"region\" aria-roledescription=\"Slideshow\" aria-label=\"Slideshow\">\n    <div id=\"metaslider_container_3903\">\n        <div id=\"metaslider_3903\" class=\"flexslider\">\n            <ul aria-live=\"polite\" class=\"slides\">\n                <li style=\"display: none; width: 100%;\" class=\"slide-3907 ms-image\" aria-roledescription=\"slide\" aria-label=\"slide-3907\"><a href=\"https:\/\/forms.gle\/ySF8LrQUNWKoeA9w6\" target=\"_blank\"><img src=\"https:\/\/etlp-bue.infd.edu.ar\/sitio\/wp-content\/uploads\/2026\/04\/convocatoria-escenoplasticas-para-dividir-5-1-1080x1350.png\" height=\"1350\" width=\"1080\" alt=\"\" class=\"slider-3903 slide-3907\" title=\"convocatoria escenoplasticas para dividir (5) (1)\" \/><\/a><\/li>\n                <li style=\"display: none; width: 100%;\" class=\"slide-3921 ms-image\" aria-roledescription=\"slide\" aria-label=\"slide-3921\"><a href=\"https:\/\/forms.gle\/ySF8LrQUNWKoeA9w6\" target=\"_blank\"><img src=\"https:\/\/etlp-bue.infd.edu.ar\/sitio\/wp-content\/uploads\/2026\/04\/convocatoria-escenoplasticas-para-dividir-5-2-1080x1350.png\" height=\"1350\" width=\"1080\" alt=\"\" class=\"slider-3903 slide-3921\" title=\"convocatoria escenoplasticas para dividir (5) (2)\" \/><\/a><\/li>\n                <li style=\"display: none; width: 100%;\" class=\"slide-3913 ms-image\" aria-roledescription=\"slide\" aria-label=\"slide-3913\"><a href=\"https:\/\/forms.gle\/ySF8LrQUNWKoeA9w6\" target=\"_blank\"><img src=\"https:\/\/etlp-bue.infd.edu.ar\/sitio\/wp-content\/uploads\/2026\/04\/convocatoria-escenoplasticas-para-dividir-5-3-1080x1350.png\" height=\"1350\" width=\"1080\" alt=\"\" class=\"slider-3903 slide-3913\" title=\"convocatoria escenoplasticas para dividir (5) (3)\" \/><\/a><\/li>\n                <li style=\"display: none; width: 100%;\" class=\"slide-3908 ms-image\" aria-roledescription=\"slide\" aria-label=\"slide-3908\"><a href=\"https:\/\/forms.gle\/ySF8LrQUNWKoeA9w6\" target=\"_blank\"><img src=\"https:\/\/etlp-bue.infd.edu.ar\/sitio\/wp-content\/uploads\/2026\/04\/convocatoria-escenoplasticas-para-dividir-5-4-1080x1350.png\" height=\"1350\" width=\"1080\" alt=\"\" class=\"slider-3903 slide-3908\" title=\"convocatoria escenoplasticas para dividir (5) (4)\" \/><\/a><\/li>\n            <\/ul>\n        <\/div>\n        \n    <\/div>\n<\/div>\n\n\n\n<figure class=\"wp-block-embed is-type-video is-provider-youtube wp-block-embed-youtube wp-embed-aspect-16-9 wp-has-aspect-ratio\"><div class=\"wp-block-embed__wrapper\">\n<iframe loading=\"lazy\" title=\"A 44 a\u00f1os de Malvinas | Testimonio de Horacio Ra\u00fal Molina\" width=\"1200\" height=\"675\" src=\"https:\/\/www.youtube.com\/embed\/4ys3P0ZIVjU?feature=oembed\" frameborder=\"0\" allow=\"accelerometer; autoplay; clipboard-write; encrypted-media; gyroscope; picture-in-picture; web-share\" referrerpolicy=\"strict-origin-when-cross-origin\" allowfullscreen><\/iframe>\n<\/div><\/figure>\n\n\n\n<figure class=\"wp-block-embed is-type-video is-provider-youtube wp-block-embed-youtube wp-embed-aspect-16-9 wp-has-aspect-ratio\"><div class=\"wp-block-embed__wrapper\">\n<iframe loading=\"lazy\" title=\"Escuela de Teatro La Plata\" width=\"1200\" height=\"675\" src=\"https:\/\/www.youtube.com\/embed\/8XDR-9SPZ2E?feature=oembed\" frameborder=\"0\" allow=\"accelerometer; autoplay; clipboard-write; encrypted-media; gyroscope; picture-in-picture; web-share\" referrerpolicy=\"strict-origin-when-cross-origin\" allowfullscreen><\/iframe>\n<\/div><\/figure>\n\n\n\n<hr class=\"wp-block-separator has-alpha-channel-opacity\"\/>\n\n\n\n<figure class=\"wp-block-image size-full\"><img decoding=\"async\" loading=\"lazy\" width=\"1080\" height=\"1350\" src=\"https:\/\/etlp-bue.infd.edu.ar\/sitio\/wp-content\/uploads\/2026\/03\/Mesas-de-examen-equivalencias-matriculacion-1.png\" alt=\"\" class=\"wp-image-3853\" srcset=\"https:\/\/etlp-bue.infd.edu.ar\/sitio\/wp-content\/uploads\/2026\/03\/Mesas-de-examen-equivalencias-matriculacion-1.png 1080w, https:\/\/etlp-bue.infd.edu.ar\/sitio\/wp-content\/uploads\/2026\/03\/Mesas-de-examen-equivalencias-matriculacion-1-800x1000.png 800w, https:\/\/etlp-bue.infd.edu.ar\/sitio\/wp-content\/uploads\/2026\/03\/Mesas-de-examen-equivalencias-matriculacion-1-768x960.png 768w\" sizes=\"(max-width: 1080px) 100vw, 1080px\" \/><\/figure>\n\n\n\n<p><br>&nbsp;&nbsp;<div id=\"metaslider-id-3361\" style=\"width: 100%; margin: 0 auto;\" class=\"ml-slider-3-33-0 metaslider metaslider-flex metaslider-3361 ml-slider ms-theme-default\" role=\"region\" aria-roledescription=\"Slideshow\" aria-label=\"Slideshow\">\n    <div id=\"metaslider_container_3361\">\n        <div id=\"metaslider_3361\" class=\"flexslider\">\n            <ul aria-live=\"polite\" class=\"slides\">\n                <li style=\"display: none; width: 100%;\" class=\"slide-3409 ms-image\" aria-roledescription=\"slide\" aria-label=\"slide-3409\"><a href=\"https:\/\/etlp-bue.infd.edu.ar\/sitio\/aula-de-espectadorxs\/\" target=\"_blank\"><img src=\"https:\/\/etlp-bue.infd.edu.ar\/sitio\/wp-content\/uploads\/2026\/03\/WhatsApp-Image-2026-03-19-at-12.14.30.jpeg\" height=\"1350\" width=\"1080\" alt=\"\" class=\"slider-3361 slide-3409\" title=\"WhatsApp Image 2026-03-19 at 12.14.30\" \/><\/a><\/li>\n                <li style=\"display: none; width: 100%;\" class=\"slide-3427 ms-image\" aria-roledescription=\"slide\" aria-label=\"slide-3427\"><a href=\"https:\/\/etlp-bue.infd.edu.ar\/sitio\/aula-de-espectadorxs\/\" target=\"_self\"><img src=\"https:\/\/etlp-bue.infd.edu.ar\/sitio\/wp-content\/uploads\/2026\/03\/WhatsApp-Image-2026-03-19-at-12.14.30-1.jpeg\" height=\"1350\" width=\"1080\" alt=\"\" class=\"slider-3361 slide-3427\" title=\"WhatsApp Image 2026-03-19 at 12.14.30 (1)\" \/><\/a><\/li>\n                <li style=\"display: none; width: 100%;\" class=\"slide-3428 ms-image\" aria-roledescription=\"slide\" aria-label=\"slide-3428\"><a href=\"https:\/\/etlp-bue.infd.edu.ar\/sitio\/aula-de-espectadorxs\/\" target=\"_self\"><img src=\"https:\/\/etlp-bue.infd.edu.ar\/sitio\/wp-content\/uploads\/2026\/03\/WhatsApp-Image-2026-03-19-at-12.14.27.jpeg\" height=\"1350\" width=\"1080\" alt=\"\" class=\"slider-3361 slide-3428\" title=\"WhatsApp Image 2026-03-19 at 12.14.27\" \/><\/a><\/li>\n            <\/ul>\n        <\/div>\n        \n    <\/div>\n<\/div><br>&nbsp; <br><strong><em>\u00bfTE GUSTA VER TEATRO?&nbsp;<\/em><\/strong><\/p>\n\n\n\n<p><strong><em>EST\u00c1S A&nbsp; TIEMPO DE SUMARTE AL AULA DE ESPECTADORXS!&nbsp;<\/em><\/strong><\/p>\n\n\n\n<p><strong><em>Un espacio para ver, debatir y descubrir teatro.&nbsp;<\/em><\/strong><\/p>\n\n\n\n<p>&#x1f7e2;<strong>&nbsp;TODOS LOS JUEVES&nbsp;<\/strong>desde las 14 a las 16 hs.&nbsp;<br><br>&#x1f534;<strong>&nbsp;LUGAR:<\/strong>AULA FG &#8211;<strong>&nbsp;<\/strong>EDIFICIO SEDE AV. 51 N\u00b0419 e\/3 y 4<\/p>\n\n\n\n<p>&#x1f7e0;&nbsp;<strong>COORDINADORA:&nbsp;<\/strong>Profesora Sof\u00eda Bou\u00e9&nbsp;<\/p>\n\n\n\n<p><strong><u>ACLARACI\u00d3N IMPORTANTE<\/u>:&nbsp;&nbsp;<\/strong>Es necesario inscribirse previamente a trav\u00e9s del formulario para poder asistir a los encuentros.<\/p>\n\n\n\n<p>&#x1f7e3;&nbsp;<strong>CONSULTAS:&nbsp;&nbsp;<\/strong>auladeespectadoresetlp@gmail.com&nbsp;<br><br>&#x1f4cc;&nbsp;<strong>M\u00c1S INFORMACI\u00d3N SOBRE LA PROPUESTA:<\/strong><a href=\"https:\/\/drive.google.com\/file\/d\/1oG0gt69005nPn14bSaYPGxOOwmzmlAws\/view?usp=sharing\">CLICK AC\u00c1!<\/a><\/p>\n\n\n\n<div class=\"wp-block-buttons is-layout-flex\">\n<div class=\"wp-block-button\"><a class=\"wp-block-button__link has-background wp-element-button\" href=\"https:\/\/forms.gle\/U828h7gAK3hgKDHf6\" style=\"background-color:#d72929\">&#x1f449; FORMULARIO DE INSCRIPCI\u00d3N<\/a><\/div>\n<\/div>\n\n\n\n<div style=\"height:25px\" aria-hidden=\"true\" class=\"wp-block-spacer\"><\/div>\n\n\n\n<h2 class=\"wp-block-heading\">&nbsp; &nbsp; &nbsp; &nbsp; &nbsp; &nbsp; &nbsp; &nbsp; &nbsp; &nbsp; <span style=\"font-size: 16px;\">&nbsp; &nbsp; &nbsp;<\/span><span style=\"font-size: 16px;\">&nbsp; &nbsp;<\/span><\/h2>\n","protected":false},"excerpt":{"rendered":"<p>&nbsp;&nbsp;&nbsp; \u00bfTE GUSTA VER TEATRO?&nbsp; EST\u00c1S A&nbsp; TIEMPO DE SUMARTE AL AULA DE ESPECTADORXS!&nbsp; Un espacio para ver, debatir y descubrir teatro.&nbsp; &#x1f7e2;&nbsp;TODOS LOS JUEVES&nbsp;desde las 14 a las 16 hs.&nbsp; &#x1f534;&nbsp;LUGAR:AULA FG &#8211;&nbsp;EDIFICIO SEDE AV. 51 N\u00b0419 e\/3 y 4 &#x1f7e0;&nbsp;COORDINADORA:&nbsp;Profesora Sof\u00eda Bou\u00e9&nbsp; ACLARACI\u00d3N IMPORTANTE:&nbsp;&nbsp;Es necesario inscribirse previamente a trav\u00e9s del formulario para poder &#8230; <a title=\"Inicio\" class=\"read-more\" href=\"https:\/\/etlp-bue.infd.edu.ar\/sitio\/\" aria-label=\"More on Inicio\">[+]<\/a><\/p>\n","protected":false},"author":1,"featured_media":0,"parent":0,"menu_order":0,"comment_status":"closed","ping_status":"closed","template":"","meta":[],"acf":[],"_links":{"self":[{"href":"https:\/\/etlp-bue.infd.edu.ar\/sitio\/wp-json\/wp\/v2\/pages\/286"}],"collection":[{"href":"https:\/\/etlp-bue.infd.edu.ar\/sitio\/wp-json\/wp\/v2\/pages"}],"about":[{"href":"https:\/\/etlp-bue.infd.edu.ar\/sitio\/wp-json\/wp\/v2\/types\/page"}],"author":[{"embeddable":true,"href":"https:\/\/etlp-bue.infd.edu.ar\/sitio\/wp-json\/wp\/v2\/users\/1"}],"replies":[{"embeddable":true,"href":"https:\/\/etlp-bue.infd.edu.ar\/sitio\/wp-json\/wp\/v2\/comments?post=286"}],"version-history":[{"count":554,"href":"https:\/\/etlp-bue.infd.edu.ar\/sitio\/wp-json\/wp\/v2\/pages\/286\/revisions"}],"predecessor-version":[{"id":3955,"href":"https:\/\/etlp-bue.infd.edu.ar\/sitio\/wp-json\/wp\/v2\/pages\/286\/revisions\/3955"}],"wp:attachment":[{"href":"https:\/\/etlp-bue.infd.edu.ar\/sitio\/wp-json\/wp\/v2\/media?parent=286"}],"curies":[{"name":"wp","href":"https:\/\/api.w.org\/{rel}","templated":true}]}}