{"id":2868,"date":"2024-11-21T14:31:19","date_gmt":"2024-11-21T17:31:19","guid":{"rendered":"https:\/\/etlp-bue.infd.edu.ar\/sitio\/?page_id=2868"},"modified":"2026-04-27T13:58:12","modified_gmt":"2026-04-27T16:58:12","slug":"normativa","status":"publish","type":"page","link":"https:\/\/etlp-bue.infd.edu.ar\/sitio\/normativa\/","title":{"rendered":"Normativa"},"content":{"rendered":"\n<h4 class=\"wp-block-heading\">Educaci\u00f3n<\/h4>\n\n\n\n<ul>\n<li><a rel=\"noreferrer noopener\" href=\"https:\/\/pidigital.abc.gob.ar\/sites\/default\/files\/ley_de_educ_nac1.pdf\" target=\"_blank\">Ley N\u00b0 26206 &#8211; Ley de Educaci\u00f3n Nacional&nbsp;<\/a><\/li>\n\n\n\n<li><a rel=\"noreferrer noopener\" href=\"https:\/\/www.trabajo.gba.gov.ar\/documentos\/legislacion\/copreti\/Ley%20Provincial%20de%20Educaci%C3%B3n%2013688%20-%20Provincia%20de%20Buenos%20Aires.pdf\" target=\"_blank\">Ley N\u00b0 13688 &#8211; Ley Provincial de Educaci\u00f3n&nbsp;<\/a><\/li>\n<\/ul>\n\n\n\n<h4 class=\"wp-block-heading\">ESI<\/h4>\n\n\n\n<ul>\n<li><a rel=\"noreferrer noopener\" href=\"https:\/\/abc.gob.ar\/secretarias\/sites\/default\/files\/2021-07\/11-%20Ley%20Nacional%20N%C2%B0%2026.150%20ESI%20-%202006%C2%A0.pdf\" target=\"_blank\">Ley N\u00b026.150 &#8211; Educaci\u00f3n Sexual Integral<\/a><\/li>\n\n\n\n<li><a rel=\"noreferrer noopener\" href=\"https:\/\/abc.gob.ar\/secretarias\/sites\/default\/files\/2021-07\/5-%20Ley%20N%C2%B0%2014.744%20ESI.pdf\" target=\"_blank\">Ley Provincial N\u00b0 14.744 Educaci\u00f3n Sexual Integral (ESI)<\/a><\/li>\n<\/ul>\n\n\n\n<h4 class=\"wp-block-heading\">Educaci\u00f3n Art\u00edstica Superior<\/h4>\n\n\n\n<ul>\n<li><a rel=\"noreferrer noopener\" href=\"http:\/\/www.bnm.me.gov.ar\/giga1\/documentos\/EL007900.pdf\" target=\"_blank\">Resoluci\u00f3n N\u00b0 111\/10 &#8211; La Educaci\u00f3n Art\u00edstica en el Sistema Educativo&nbsp;<\/a><\/li>\n\n\n\n<li><a rel=\"noreferrer noopener\" href=\"https:\/\/abc2.abc.gob.ar\/artistica\/sites\/default\/files\/documentos\/res_4043_09_regimen_academico_marco_des.pdf\" target=\"_blank\">Resoluci\u00f3n N\u00b0&nbsp; 4043\/09 &#8211; R\u00e9gimen Acad\u00e9mico de los Institutos de Educaci\u00f3n Superior<\/a><\/li>\n\n\n\n<li><a rel=\"noreferrer noopener\" href=\"https:\/\/drive.google.com\/open?id=1_LROeauspIfANEhCMdDTyFnCljX9AHoZ\" target=\"_blank\">Disposici\u00f3n N\u00b0&nbsp; 107\/10 &#8211; R\u00e9gimen Acad\u00e9mico Marco para las Instituciones Superiores de la Direcci\u00f3n de Educaci\u00f3n Art\u00edstica&nbsp;<\/a><\/li>\n\n\n\n<li><a rel=\"noreferrer noopener\" href=\"https:\/\/drive.google.com\/open?id=16mJZN3zZCzIesrLzHuT1T6Zt-al56YE4\" target=\"_blank\">Decreto Reglamento General de Instituciones Educativas&nbsp; N\u00b0 2299\/11<\/a><\/li>\n\n\n\n<li><a rel=\"noreferrer noopener\" href=\"https:\/\/abc2.abc.gob.ar\/artistica\/sites\/default\/files\/documentos\/resolucion_nro2383_reglamento_institutos_superiores2.pdf\" target=\"_blank\">Resoluci\u00f3n N\u00b02383&nbsp; \u00abReglamento Marco para los Institutos de Educaci\u00f3n Superior no Universitaria, de Formaci\u00f3n Docente, T\u00e9cnica y Art\u00edstica\u00bb&nbsp;<\/a><\/li>\n<\/ul>\n\n\n\n<h4 class=\"wp-block-heading\">Pruebas de Selecci\u00f3n<\/h4>\n\n\n\n<ul>\n<li><a href=\"https:\/\/drive.google.com\/file\/d\/1BtL5cRmcrL07ZSq3KeocJnVVsvAvyqV8\/view\" target=\"_blank\" rel=\"noreferrer noopener\"> Res.N\u00b06179\/25 PRUEBAS DE SELECCI\u00d3N<\/a><\/li>\n<\/ul>\n\n\n\n<h4 class=\"wp-block-heading\">Consejo Acad\u00e9mico Institucional<\/h4>\n\n\n\n<ul>\n<li><a href=\"https:\/\/drive.google.com\/open?id=1CTcQol3xSd7LBM5FSJ_HNfyDdn5qHsJI\" target=\"_blank\" rel=\"noreferrer noopener\">Res.  N\u00b04044\/09 MARCO NORMATIVO DEL CONSEJO ACAD\u00c9MICO INSTITUCIONAL<\/a><\/li>\n<\/ul>\n\n\n\n<p style=\"font-size:27px\"><strong>Salidas Educativas y de Representaci\u00f3n Institucional<\/strong><\/p>\n\n\n\n<ul>\n<li><a href=\"https:\/\/drive.google.com\/file\/d\/1ho0PhbqZHGw93ELktWVnGIsZJacC_Au9\/view?usp=sharing\" data-type=\"URL\" data-id=\"https:\/\/drive.google.com\/file\/d\/1ho0PhbqZHGw93ELktWVnGIsZJacC_Au9\/view?usp=sharing\" target=\"_blank\" rel=\"noreferrer noopener\">RESOC &#8211; 2024 &#8211; 3871 &#8211; GDEBA &#8211; DGCYE<\/a><\/li>\n<\/ul>\n","protected":false},"excerpt":{"rendered":"<p>Educaci\u00f3n ESI Educaci\u00f3n Art\u00edstica Superior Pruebas de Selecci\u00f3n Consejo Acad\u00e9mico Institucional Salidas Educativas y de Representaci\u00f3n Institucional<\/p>\n","protected":false},"author":82,"featured_media":0,"parent":0,"menu_order":0,"comment_status":"closed","ping_status":"closed","template":"","meta":[],"acf":[],"_links":{"self":[{"href":"https:\/\/etlp-bue.infd.edu.ar\/sitio\/wp-json\/wp\/v2\/pages\/2868"}],"collection":[{"href":"https:\/\/etlp-bue.infd.edu.ar\/sitio\/wp-json\/wp\/v2\/pages"}],"about":[{"href":"https:\/\/etlp-bue.infd.edu.ar\/sitio\/wp-json\/wp\/v2\/types\/page"}],"author":[{"embeddable":true,"href":"https:\/\/etlp-bue.infd.edu.ar\/sitio\/wp-json\/wp\/v2\/users\/82"}],"replies":[{"embeddable":true,"href":"https:\/\/etlp-bue.infd.edu.ar\/sitio\/wp-json\/wp\/v2\/comments?post=2868"}],"version-history":[{"count":7,"href":"https:\/\/etlp-bue.infd.edu.ar\/sitio\/wp-json\/wp\/v2\/pages\/2868\/revisions"}],"predecessor-version":[{"id":3953,"href":"https:\/\/etlp-bue.infd.edu.ar\/sitio\/wp-json\/wp\/v2\/pages\/2868\/revisions\/3953"}],"wp:attachment":[{"href":"https:\/\/etlp-bue.infd.edu.ar\/sitio\/wp-json\/wp\/v2\/media?parent=2868"}],"curies":[{"name":"wp","href":"https:\/\/api.w.org\/{rel}","templated":true}]}}