{"id":2895,"date":"2024-11-29T13:22:31","date_gmt":"2024-11-29T16:22:31","guid":{"rendered":"https:\/\/etlp-bue.infd.edu.ar\/sitio\/?page_id=2895"},"modified":"2025-02-21T15:07:17","modified_gmt":"2025-02-21T18:07:17","slug":"0-teatro-para-adolescentes","status":"publish","type":"page","link":"https:\/\/etlp-bue.infd.edu.ar\/sitio\/0-teatro-para-adolescentes\/","title":{"rendered":"0-Teatro para Adolescentes"},"content":{"rendered":"\n<h2 class=\"wp-block-heading\">Teatro para Adolescentes<\/h2>\n\n\n\n<p>La Formaci\u00f3n B\u00e1sica es una instancia que te invita a transitar el TEATRO, la Estructura Dram\u00e1tica vivenciando, experimentando, investigando y produciendo a trav\u00e9s de diferentes lenguajes art\u00edsticos como ser Actuaci\u00f3n, Movimiento, Pl\u00e1stica, Maquillaje, M\u00fasica, Escenograf\u00eda&nbsp; Voz, Vestuario y mucho m\u00e1s!!.<\/p>\n\n\n\n<p>La propuesta nos invita a habitar y conocer nuestro cuerpo,&nbsp; poner en palabras nuestros propios relatos compartiendo los intereses y problem\u00e1ticas de cada unx, interactuando con lxs otrxs.<\/p>\n\n\n\n<p>A trav\u00e9s de diferentes proyectos compartiremos experiencias hacia dentro de la instituci\u00f3n y tambi\u00e9n en la comunidad, articulando con otros espacios e instituciones educativas.<\/p>\n\n\n\n<p>Esta etapa garantiza una formaci\u00f3n integral y nos prepara con conocimientos s\u00f3lidos para el ingreso a las carreras de Tecnicatura en Actuaci\u00f3n y Profesorado de Teatro, garantizando una educaci\u00f3n art\u00edstica de excelencia y calidad, con perspectiva de g\u00e9nero,&nbsp; inclusiva y para todxs.<\/p>\n\n\n\n<p>Para acceder es necesario ser estudiante de nivel secundario y tener entre 14 y 17 a\u00f1os.<\/p>\n\n\n\n<div style=\"height:10px\" aria-hidden=\"true\" class=\"wp-block-spacer\"><\/div>\n\n\n\n<h2 class=\"wp-block-heading\">Horarios<\/h2>\n\n\n\n<div class=\"wp-block-buttons is-content-justification-center is-layout-flex wp-container-1\">\n<div class=\"wp-block-button\"><a class=\"wp-block-button__link has-background wp-element-button\" href=\"https:\/\/docs.google.com\/spreadsheets\/d\/e\/2PACX-1vToryyaYBchEY0uukG0-HlcSoJ92Ryy2l8GAEgtMwBhzBoaRJt_2BoNmc1wySs96vcG0J6ntxctJJIm\/pubhtml?gid=0&amp;single=true\" style=\"background-color:#c300c3\" target=\"_blank\" rel=\"noreferrer noopener\">1\u00b0 a\u00f1o &#8211; Iniciaci\u00f3n al lenguaje teatral<\/a><\/div>\n\n\n\n<div class=\"wp-block-button\"><a class=\"wp-block-button__link has-background wp-element-button\" href=\"https:\/\/docs.google.com\/spreadsheets\/d\/e\/2PACX-1vToryyaYBchEY0uukG0-HlcSoJ92Ryy2l8GAEgtMwBhzBoaRJt_2BoNmc1wySs96vcG0J6ntxctJJIm\/pubhtml?gid=1154904152&amp;single=true\" style=\"background-color:#c300c3\" target=\"_blank\" rel=\"noreferrer noopener\">2\u00b0 a\u00f1o &#8211; Producci\u00f3n esc\u00e9nica integral<\/a><\/div>\n<\/div>\n\n\n\n<div style=\"height:10px\" aria-hidden=\"true\" class=\"wp-block-spacer\"><\/div>\n\n\n\n<h2 class=\"wp-block-heading\">Plan de estudios<\/h2>\n\n\n\n<iframe src=\"https:\/\/docs.google.com\/spreadsheets\/d\/e\/2PACX-1vT6E1W5gPq8sUzrFJ4betxXqDYeELOUH_FIGaEDSXiS91w3MWIqK-GaSgyrbre74YU-sVCCax6uFyQ-\/pubhtml?gid=2002985685&amp;single=true&amp;widget=true&amp;headers=false\"\nwidth= 100%;\nheight= 850;\nborder= none;\n>\n<\/iframe>\n","protected":false},"excerpt":{"rendered":"<p>Teatro para Adolescentes La Formaci\u00f3n B\u00e1sica es una instancia que te invita a transitar el TEATRO, la Estructura Dram\u00e1tica vivenciando, experimentando, investigando y produciendo a trav\u00e9s de diferentes lenguajes art\u00edsticos como ser Actuaci\u00f3n, Movimiento, Pl\u00e1stica, Maquillaje, M\u00fasica, Escenograf\u00eda&nbsp; Voz, Vestuario y mucho m\u00e1s!!. La propuesta nos invita a habitar y conocer nuestro cuerpo,&nbsp; poner en &#8230; <a title=\"0-Teatro para Adolescentes\" class=\"read-more\" href=\"https:\/\/etlp-bue.infd.edu.ar\/sitio\/0-teatro-para-adolescentes\/\" aria-label=\"More on 0-Teatro para Adolescentes\">[+]<\/a><\/p>\n","protected":false},"author":82,"featured_media":0,"parent":0,"menu_order":0,"comment_status":"closed","ping_status":"closed","template":"","meta":[],"acf":[],"_links":{"self":[{"href":"https:\/\/etlp-bue.infd.edu.ar\/sitio\/wp-json\/wp\/v2\/pages\/2895"}],"collection":[{"href":"https:\/\/etlp-bue.infd.edu.ar\/sitio\/wp-json\/wp\/v2\/pages"}],"about":[{"href":"https:\/\/etlp-bue.infd.edu.ar\/sitio\/wp-json\/wp\/v2\/types\/page"}],"author":[{"embeddable":true,"href":"https:\/\/etlp-bue.infd.edu.ar\/sitio\/wp-json\/wp\/v2\/users\/82"}],"replies":[{"embeddable":true,"href":"https:\/\/etlp-bue.infd.edu.ar\/sitio\/wp-json\/wp\/v2\/comments?post=2895"}],"version-history":[{"count":8,"href":"https:\/\/etlp-bue.infd.edu.ar\/sitio\/wp-json\/wp\/v2\/pages\/2895\/revisions"}],"predecessor-version":[{"id":3216,"href":"https:\/\/etlp-bue.infd.edu.ar\/sitio\/wp-json\/wp\/v2\/pages\/2895\/revisions\/3216"}],"wp:attachment":[{"href":"https:\/\/etlp-bue.infd.edu.ar\/sitio\/wp-json\/wp\/v2\/media?parent=2895"}],"curies":[{"name":"wp","href":"https:\/\/api.w.org\/{rel}","templated":true}]}}