{"id":3320,"date":"2025-02-23T18:19:39","date_gmt":"2025-02-23T21:19:39","guid":{"rendered":"https:\/\/etlp-bue.infd.edu.ar\/sitio\/?page_id=3320"},"modified":"2026-03-04T13:48:23","modified_gmt":"2026-03-04T16:48:23","slug":"inscripcion-unidades-curriculares","status":"publish","type":"page","link":"https:\/\/etlp-bue.infd.edu.ar\/sitio\/inscripcion-unidades-curriculares\/","title":{"rendered":"INSCRIPCION UNIDADES CURRICULARES"},"content":{"rendered":"\n<h2 class=\"wp-block-heading has-text-align-center\">INSCRIPCI\u00d3N A UNIDADES CURRICULARES<\/h2>\n\n\n\n<p>&#x1f4cc; Inscribite por formulario a las materias del a\u00f1o y turno que te corresponde. <strong>Per\u00edodo de inscripci\u00f3n hasta el viernes 13 de marzo.<\/strong> <\/p>\n\n\n\n<p>&#x2709;&#xfe0f; Por consultas comunicate al correo de tu preceptor\u00eda: <a href=\"https:\/\/etlp-bue.infd.edu.ar\/sitio\/contacto-por-carrera\/\">CONTACTOS PRECEPTOR\u00cdA <\/a><\/p>\n\n\n\n<hr class=\"wp-block-separator has-alpha-channel-opacity is-style-dots\"\/>\n\n\n\n<div class=\"wp-block-buttons is-content-justification-center is-layout-flex wp-container-1\">\n<div class=\"wp-block-button is-style-fill\"><a class=\"wp-block-button__link has-background wp-element-button\" href=\"https:\/\/forms.gle\/EmZhXtLwAkSxeNuPA\" style=\"background-color:#61cf2a\" target=\"_blank\" rel=\"noreferrer noopener\">Profesorado de Teatro (TM)<\/a><\/div>\n\n\n\n<div class=\"wp-block-button is-style-fill\"><a class=\"wp-block-button__link has-light-green-cyan-to-vivid-green-cyan-gradient-background has-background wp-element-button\" href=\"https:\/\/forms.gle\/6ZKziMdRCUXwjAH17\" target=\"_blank\" rel=\"noreferrer noopener\">Profesorado de teatro (TT)<\/a><\/div>\n\n\n\n<div class=\"wp-block-button is-style-fill\"><a class=\"wp-block-button__link has-vivid-cyan-blue-to-vivid-purple-gradient-background has-background wp-element-button\" href=\"https:\/\/forms.gle\/RBxfnibDbsWnJ1cz9\" target=\"_blank\" rel=\"noreferrer noopener\">Profesorado de teatro (TV)<\/a><\/div>\n\n\n\n<div class=\"wp-block-button is-style-fill\"><a class=\"wp-block-button__link has-luminous-vivid-orange-to-vivid-red-gradient-background has-background wp-element-button\" href=\"https:\/\/forms.gle\/7kWvfEEfbSAenUG46\" target=\"_blank\" rel=\"noreferrer noopener\">EDIS (Espacio de Definici\u00f3n institucional)<\/a><\/div>\n<\/div>\n\n\n\n<div class=\"wp-block-buttons is-content-justification-center is-layout-flex wp-container-2\">\n<div class=\"wp-block-button is-style-fill\"><a class=\"wp-block-button__link has-background wp-element-button\" href=\"https:\/\/forms.gle\/U4oic5RswJ5ffkVE6\" style=\"border-radius:100px;background-color:#f20202\" target=\"_blank\" rel=\"noreferrer noopener\">Tecnicatura en actuaci\u00f3n (TM)<\/a><\/div>\n\n\n\n<div class=\"wp-block-button\"><a class=\"wp-block-button__link has-blush-bordeaux-gradient-background has-background wp-element-button\" href=\"https:\/\/forms.gle\/kokscLXYKsSoVHgm8\" style=\"border-radius:100px\" target=\"_blank\" rel=\"noreferrer noopener\">Tecnicatura en actuaci\u00f3n (TT)<\/a><\/div>\n\n\n\n<div class=\"wp-block-button\"><a class=\"wp-block-button__link has-cool-to-warm-spectrum-gradient-background has-background wp-element-button\" href=\"https:\/\/forms.gle\/3QZNnAj7YkHkeC4V7\" style=\"border-radius:100px\" target=\"_blank\" rel=\"noreferrer noopener\">Tecnicatura en actuaci\u00f3n (TV)<\/a><\/div>\n<\/div>\n\n\n\n<div class=\"wp-block-buttons is-content-justification-center is-layout-flex wp-container-3\">\n<div class=\"wp-block-button\"><a class=\"wp-block-button__link has-background wp-element-button\" href=\"https:\/\/docs.google.com\/forms\/d\/e\/1FAIpQLSfp2PabA5f3DKyhliLVdIEtQPmXFaZjSR41_lWo58QTcNcZ7Q\/viewform?usp=header\" style=\"background-color:#232bda\" target=\"_blank\" rel=\"noreferrer noopener\">Tecnicatura en Escenograf\u00eda<\/a><\/div>\n\n\n\n<div class=\"wp-block-button\"><a class=\"wp-block-button__link has-background wp-element-button\" href=\"https:\/\/forms.gle\/Syh4zudLcVXKdZvE6\" style=\"background-color:#a61ed6\" target=\"_blank\" rel=\"noreferrer noopener\">Tecnicatura en Maquillaje<\/a><\/div>\n\n\n\n<div class=\"wp-block-button\"><a class=\"wp-block-button__link has-background wp-element-button\" href=\"https:\/\/forms.gle\/bL91KYBnkrRyfz2N7\" style=\"background-color:#fa7e0d\" target=\"_blank\" rel=\"noreferrer noopener\">Tecnicatura en Vestuario<\/a><\/div>\n<\/div>\n","protected":false},"excerpt":{"rendered":"<p>INSCRIPCI\u00d3N A UNIDADES CURRICULARES &#x1f4cc; Inscribite por formulario a las materias del a\u00f1o y turno que te corresponde. Per\u00edodo de inscripci\u00f3n hasta el viernes 13 de marzo. &#x2709;&#xfe0f; Por consultas comunicate al correo de tu preceptor\u00eda: CONTACTOS PRECEPTOR\u00cdA<\/p>\n","protected":false},"author":82,"featured_media":0,"parent":0,"menu_order":0,"comment_status":"closed","ping_status":"closed","template":"","meta":[],"acf":[],"_links":{"self":[{"href":"https:\/\/etlp-bue.infd.edu.ar\/sitio\/wp-json\/wp\/v2\/pages\/3320"}],"collection":[{"href":"https:\/\/etlp-bue.infd.edu.ar\/sitio\/wp-json\/wp\/v2\/pages"}],"about":[{"href":"https:\/\/etlp-bue.infd.edu.ar\/sitio\/wp-json\/wp\/v2\/types\/page"}],"author":[{"embeddable":true,"href":"https:\/\/etlp-bue.infd.edu.ar\/sitio\/wp-json\/wp\/v2\/users\/82"}],"replies":[{"embeddable":true,"href":"https:\/\/etlp-bue.infd.edu.ar\/sitio\/wp-json\/wp\/v2\/comments?post=3320"}],"version-history":[{"count":13,"href":"https:\/\/etlp-bue.infd.edu.ar\/sitio\/wp-json\/wp\/v2\/pages\/3320\/revisions"}],"predecessor-version":[{"id":3794,"href":"https:\/\/etlp-bue.infd.edu.ar\/sitio\/wp-json\/wp\/v2\/pages\/3320\/revisions\/3794"}],"wp:attachment":[{"href":"https:\/\/etlp-bue.infd.edu.ar\/sitio\/wp-json\/wp\/v2\/media?parent=3320"}],"curies":[{"name":"wp","href":"https:\/\/api.w.org\/{rel}","templated":true}]}}