{"id":3813,"date":"2026-03-13T09:04:46","date_gmt":"2026-03-13T12:04:46","guid":{"rendered":"https:\/\/etlp-bue.infd.edu.ar\/sitio\/?page_id=3813"},"modified":"2026-04-06T13:16:46","modified_gmt":"2026-04-06T16:16:46","slug":"estudiante-itinerante-2","status":"publish","type":"page","link":"https:\/\/etlp-bue.infd.edu.ar\/sitio\/estudiante-itinerante-2\/","title":{"rendered":"Estudiante Itinerante"},"content":{"rendered":"\n<p><\/p>\n\n\n\n<p><strong>ORIENTACIONES PARA ESTUDIANTES<\/strong><\/p>\n\n\n\n<p>De acuerdo al RAI <strong>Estudiante Itinerante<\/strong> es quien cursa como estudiante regular en un Instituto Superior y, al mismo tiempo, cursa una o m\u00e1s unidades curriculares en otro Instituto Superior en el que no se encuentra matriculadx. Se puede cursar y acreditar bajo esta modalidad hasta el 30 % de unidades curriculares de la carrera.<\/p>\n\n\n\n<p>&#x2705; <strong>Paso 1:<\/strong> Presentar en formato papel en Preceptor\u00eda de la ETLP hasta el 13 de marzo de 2026 y en un Folio:&nbsp;<\/p>\n\n\n\n<p><strong>1-<\/strong> <strong>Planilla Solicitud para cursar unidades curriculares como estudiante itinerante <\/strong><strong>por duplicado: <\/strong>&nbsp;<\/p>\n\n\n\n<p>&#x1f449; <a href=\"https:\/\/docs.google.com\/document\/d\/1zVFYjCS42v8ENILmHO7smmX6Jh81KyAX22reruV-uXs\/edit?tab=t.0\" data-type=\"URL\" data-id=\"https:\/\/docs.google.com\/document\/d\/1zVFYjCS42v8ENILmHO7smmX6Jh81KyAX22reruV-uXs\/edit?tab=t.0\">Planilla Formulario A de solicitud Estudiante Itinerante<\/a>\u00a0<\/p>\n\n\n\n<p>. <strong>IMPORTANTE: <\/strong>incorporar el correo electr\u00f3nico de contacto al pie del mismo.<\/p>\n\n\n\n<p><strong>+<\/strong> <strong>Certificado anal\u00edtico<\/strong> parcial actualizado al momento de la solicitud<\/p>\n\n\n\n<p><strong>+ Fotocopia de su DNI.<\/strong><\/p>\n\n\n\n<p><strong>&nbsp;2- Planilla de Notificaci\u00f3n a IS donde se est\u00e1 matriculado <\/strong><strong>por duplicado<\/strong><strong>:&nbsp;<\/strong><\/p>\n\n\n\n<p>&#x1f449; <a href=\"https:\/\/drive.google.com\/file\/d\/1r-glaTNtaa-JjZfsZjKfoZlk6CQHFp5x\/view?usp=sharing\">Planilla Formulario B Notificaci\u00f3n a IS donde se est\u00e1 matriculado<\/a><\/p>\n\n\n\n<p>&nbsp;&#x1f4cc; El formulario B es para notificar la aceptaci\u00f3n como estudiante itinerante ante la instituci\u00f3n de la cual se proviene. Una vez aceptado\/denegado se retira el Formulario B del IS donde se cursar\u00e1 la Unidad Curricular.<\/p>\n\n\n\n<p>Ambas planillas (Formulario A y B) quedan, una copia en el IS donde se solicita cursar y las otras en poder del estudiante.<\/p>\n\n\n\n<p>&nbsp;&#x1f4cc; &nbsp; La confirmaci\u00f3n de la solicitud se realizar\u00e1 en el transcurso de la semana posterior a la finalizaci\u00f3n del per\u00edodo de inscripci\u00f3n a Unidades Curriculares, mediante el <strong>env\u00edo de correo electr\u00f3nico desde Preceptor\u00eda<\/strong>. Del 16 al 20 de marzo.&nbsp;<\/p>\n\n\n\n<p><img decoding=\"async\" loading=\"lazy\" alt=\"&#x1f449;\" src=\"blob:https:\/\/etlp-bue.infd.edu.ar\/ebf7e5b7-94d0-4039-b27e-05dee0b60501\" width=\"17\" height=\"17\"> A partir de la incorporaci\u00f3n a la cursada se debe cumplir con las condiciones institucionales y de propuesta pedag\u00f3gica y de evaluaci\u00f3n de la UC.<\/p>\n\n\n\n<p><img decoding=\"async\" loading=\"lazy\" alt=\"&#x1f449;\" src=\"blob:https:\/\/etlp-bue.infd.edu.ar\/0a936481-fde3-4615-b03d-b34c02afc273\" width=\"17\" height=\"17\"> <strong>Una vez acreditada la UC, <\/strong>se debe <em>solicitar<\/em> en Preceptor\u00eda de la ETLA el <strong>Formulario D <\/strong>&nbsp;\u00abConstancia de acreditaci\u00f3n de UC como estudiante itinerante\u00bb y hacer la <em>presentaci\u00f3n <\/em>ante el Instituto en el cual se est\u00e1 matriculado.<\/p>\n","protected":false},"excerpt":{"rendered":"<p>ORIENTACIONES PARA ESTUDIANTES De acuerdo al RAI Estudiante Itinerante es quien cursa como estudiante regular en un Instituto Superior y, al mismo tiempo, cursa una o m\u00e1s unidades curriculares en otro Instituto Superior en el que no se encuentra matriculadx. Se puede cursar y acreditar bajo esta modalidad hasta el 30 % de unidades curriculares &#8230; <a title=\"Estudiante Itinerante\" class=\"read-more\" href=\"https:\/\/etlp-bue.infd.edu.ar\/sitio\/estudiante-itinerante-2\/\" aria-label=\"More on Estudiante Itinerante\">[+]<\/a><\/p>\n","protected":false},"author":81,"featured_media":0,"parent":0,"menu_order":0,"comment_status":"closed","ping_status":"closed","template":"","meta":[],"acf":[],"_links":{"self":[{"href":"https:\/\/etlp-bue.infd.edu.ar\/sitio\/wp-json\/wp\/v2\/pages\/3813"}],"collection":[{"href":"https:\/\/etlp-bue.infd.edu.ar\/sitio\/wp-json\/wp\/v2\/pages"}],"about":[{"href":"https:\/\/etlp-bue.infd.edu.ar\/sitio\/wp-json\/wp\/v2\/types\/page"}],"author":[{"embeddable":true,"href":"https:\/\/etlp-bue.infd.edu.ar\/sitio\/wp-json\/wp\/v2\/users\/81"}],"replies":[{"embeddable":true,"href":"https:\/\/etlp-bue.infd.edu.ar\/sitio\/wp-json\/wp\/v2\/comments?post=3813"}],"version-history":[{"count":3,"href":"https:\/\/etlp-bue.infd.edu.ar\/sitio\/wp-json\/wp\/v2\/pages\/3813\/revisions"}],"predecessor-version":[{"id":3866,"href":"https:\/\/etlp-bue.infd.edu.ar\/sitio\/wp-json\/wp\/v2\/pages\/3813\/revisions\/3866"}],"wp:attachment":[{"href":"https:\/\/etlp-bue.infd.edu.ar\/sitio\/wp-json\/wp\/v2\/media?parent=3813"}],"curies":[{"name":"wp","href":"https:\/\/api.w.org\/{rel}","templated":true}]}}