{"id":782,"date":"2018-08-29T20:21:02","date_gmt":"2018-08-29T23:21:02","guid":{"rendered":"https:\/\/etlp-bue.infd.edu.ar\/sitio\/datos-institucionales\/"},"modified":"2026-03-16T09:26:42","modified_gmt":"2026-03-16T12:26:42","slug":"datos-institucionales","status":"publish","type":"page","link":"https:\/\/etlp-bue.infd.edu.ar\/sitio\/datos-institucionales\/","title":{"rendered":"Escuela de Teatro La Plata &#8211; Autoridades"},"content":{"rendered":"\n<div style=\"height:15px\" aria-hidden=\"true\" class=\"wp-block-spacer\"><\/div>\n\n\n\n<p>La <strong>Escuela de Teatro de La Plata (ETLP)<\/strong> es una instituci\u00f3n de Educaci\u00f3n Superior dependiente de la Direcci\u00f3n de Educaci\u00f3n Art\u00edstica de la Direcci\u00f3n General de Cultura y Educaci\u00f3n de la <strong>Provincia de Buenos Aires<\/strong>, dedicada a la formaci\u00f3n docente y t\u00e9cnico-profesional en el campo de las artes esc\u00e9nicas.<\/p>\n\n\n\n<p>Fue creada en 1948 por el entonces coronel <strong>Domingo Mercante<\/strong> con el nombre de Conservatorio de M\u00fasica y Arte Esc\u00e9nico. Desde sus inicios, la instituci\u00f3n se constituy\u00f3 como un espacio de referencia para la formaci\u00f3n art\u00edstica y pedag\u00f3gica en el \u00e1mbito teatral.<\/p>\n\n\n\n<p>Actualmente, la ETLP cuenta con una matr\u00edcula de <strong>641 estudiantes<\/strong> y ofrece cinco carreras: <strong>Profesorado de Teatro<\/strong>, <strong>Tecnicatura en Actuaci\u00f3n<\/strong>, <strong>Tecnicatura en Escenograf\u00eda<\/strong>, <strong>Tecnicatura en Vestuario<\/strong> y <strong>Tecnicatura en Maquillaje<\/strong>, y una oferta para la formaci\u00f3n en el lenguaje de <strong>Teatro para Adolescentes. <\/strong><\/p>\n\n\n\n<p>En 2026, la instituci\u00f3n celebra <strong>78 a\u00f1os de trayectoria<\/strong>, reafirmando su compromiso con la formaci\u00f3n art\u00edstica y pedag\u00f3gica en el campo del teatro.<\/p>\n\n\n\n<p>A lo largo de su historia, la Escuela de Teatro de La Plata ha sostenido como horizonte el lema:<br><strong>\u201cArte como campo de conocimiento y educaci\u00f3n como herramienta para la ampliaci\u00f3n de derechos y oportunidades.\u201d<\/strong><\/p>\n\n\n\n<div style=\"height:30px\" aria-hidden=\"true\" class=\"wp-block-spacer\"><\/div>\n\n\n\n<h4 class=\"wp-block-heading has-text-align-center\"><strong>LA OFERTA EDUCATIVA DE LA ETLP<\/strong><\/h4>\n\n\n\n<!DOCTYPE html>\n<html>\n<head>\n  <title>Mi p\u00e1gina web<\/title>\n  <\/head>\n<body>\n  <div>\n    <div id=\"metaslider-id-2979\" style=\"width: 100%; margin: 0 auto;\" class=\"ml-slider-3-33-0 metaslider metaslider-flex metaslider-2979 ml-slider ms-theme-default\" role=\"region\" aria-roledescription=\"Slideshow\" aria-label=\"Slideshow\">\n    <div id=\"metaslider_container_2979\">\n        <div id=\"metaslider_2979\" class=\"flexslider\">\n            <ul aria-live=\"polite\" class=\"slides\">\n                <li style=\"display: none; width: 100%;\" class=\"slide-3081 ms-image\" aria-roledescription=\"slide\" aria-label=\"slide-3081\"><a href=\"http:\/\/etlp-bue.infd.edu.ar\/sitio\/0-profesorado-de-teatro\" target=\"_self\"><img src=\"https:\/\/etlp-bue.infd.edu.ar\/sitio\/wp-content\/uploads\/2024\/11\/teatro-1.jpg\" height=\"200\" width=\"1100\" alt=\"\" class=\"slider-2979 slide-3081\" title=\"teatro\" \/><\/a><\/li>\n                <li style=\"display: none; width: 100%;\" class=\"slide-3071 ms-image\" aria-roledescription=\"slide\" aria-label=\"slide-3071\"><a href=\"https:\/\/etlp-bue.infd.edu.ar\/sitio\/0-tecnicatura-en-actuacion\/\" target=\"_self\"><img src=\"https:\/\/etlp-bue.infd.edu.ar\/sitio\/wp-content\/uploads\/2024\/11\/actuacion-1.jpg\" height=\"200\" width=\"1100\" alt=\"\" class=\"slider-2979 slide-3071\" title=\"actuacion\" \/><\/a><\/li>\n                <li style=\"display: none; width: 100%;\" class=\"slide-3072 ms-image\" aria-roledescription=\"slide\" aria-label=\"slide-3072\"><a href=\"https:\/\/etlp-bue.infd.edu.ar\/sitio\/0-tecnicatura-en-escenografia\/\" target=\"_self\"><img src=\"https:\/\/etlp-bue.infd.edu.ar\/sitio\/wp-content\/uploads\/2024\/11\/escenografia.jpg\" height=\"200\" width=\"1100\" alt=\"\" class=\"slider-2979 slide-3072\" title=\"escenografia\" \/><\/a><\/li>\n                <li style=\"display: none; width: 100%;\" class=\"slide-3073 ms-image\" aria-roledescription=\"slide\" aria-label=\"slide-3073\"><a href=\"https:\/\/etlp-bue.infd.edu.ar\/sitio\/0-tecnicatura-en-maquillaje\/\" target=\"_self\"><img src=\"https:\/\/etlp-bue.infd.edu.ar\/sitio\/wp-content\/uploads\/2024\/11\/maquillaje.jpg\" height=\"200\" width=\"1100\" alt=\"\" class=\"slider-2979 slide-3073\" title=\"maquillaje\" \/><\/a><\/li>\n                <li style=\"display: none; width: 100%;\" class=\"slide-3075 ms-image\" aria-roledescription=\"slide\" aria-label=\"slide-3075\"><a href=\"https:\/\/etlp-bue.infd.edu.ar\/sitio\/0-tecnicatura-en-vestuario\/\" target=\"_self\"><img src=\"https:\/\/etlp-bue.infd.edu.ar\/sitio\/wp-content\/uploads\/2024\/11\/vestuario.jpg\" height=\"200\" width=\"1100\" alt=\"\" class=\"slider-2979 slide-3075\" title=\"vestuario\" \/><\/a><\/li>\n            <\/ul>\n        <\/div>\n        \n    <\/div>\n<\/div>\n  <\/div>\n<\/body>\n<\/html>\n\n\n\n<div class=\"wp-block-buttons is-content-justification-center is-layout-flex wp-container-1\">\n<div class=\"wp-block-button has-custom-font-size has-medium-font-size\"><a class=\"wp-block-button__link has-background has-text-align-center wp-element-button\" href=\"https:\/\/etlp-bue.infd.edu.ar\/sitio\/0-teatro-para-adolescentes\/\" style=\"border-radius:100px;background-color:#cb00ef\">Teatro para Adolescentes<\/a><\/div>\n<\/div>\n\n\n\n<div style=\"height:30px\" aria-hidden=\"true\" class=\"wp-block-spacer\"><\/div>\n\n\n\n<h5 class=\"wp-block-heading has-text-align-left\">Autoridades<\/h5>\n\n\n\n<ul>\n<li><strong>Directora: <\/strong>Prof.&nbsp; Mar\u00eda Jazm\u00edn Garc\u00eda<\/li>\n\n\n\n<li><strong>Vicedirectora: <\/strong>Prof. Mar\u00eda Laura Belmonte<\/li>\n\n\n\n<li><strong>Regenta de Estudios: <\/strong>Prof. Laura Villasol<\/li>\n\n\n\n<li><strong>Prosecretario:<\/strong> Prof. Alejandro Arecha<\/li>\n\n\n\n<li><strong>Secretaria: <\/strong>Prof. Marina Del Panno<\/li>\n<\/ul>\n\n\n\n<h5 class=\"wp-block-heading\">Jefaturas de \u00e1rea<\/h5>\n\n\n\n<ul>\n<li><strong>FOBA Adolescentes:<\/strong> Prof. Mar\u00eda Guillermina Andrade<\/li>\n\n\n\n<li><strong>FOBAS Escenopl\u00e1sticas y Tecnicaturas Escenopl\u00e1sticas (Escenograf\u00eda, Maquillaje y Vestuario): <\/strong><br>Prof. Jimena Duca&nbsp;| Prof. Leandra Spinosa<\/li>\n\n\n\n<li><strong>PROFESORADO DE TEATRO: <\/strong>Prof. Barbara Suhurt <\/li>\n\n\n\n<li><strong>TECNICATURA DE ACTUACI\u00d3N:<\/strong> 1\u00b0 y 2\u00b0 a\u00f1o Prof. Mar\u00eda Guillermina Andrade | 3\u00b0 a\u00f1o Prof. Jimena Duca <\/li>\n<\/ul>\n\n\n\n<div style=\"height:30px\" aria-hidden=\"true\" class=\"wp-block-spacer\"><\/div>\n\n\n\n<hr class=\"wp-block-separator has-alpha-channel-opacity\"\/>\n\n\n\n<div style=\"height:30px\" aria-hidden=\"true\" class=\"wp-block-spacer\"><\/div>\n\n\n\n<div class=\"wp-block-columns is-layout-flex wp-container-4\">\n<div class=\"wp-block-column is-layout-flow\">\n<p class=\"has-text-align-center\"><strong>SEDE Institucional<\/strong> Calle 51 entre 3 y 4, La Plata<\/p>\n\n\n\n<figure class=\"wp-block-image size-full\"><img decoding=\"async\" loading=\"lazy\" width=\"960\" height=\"540\" src=\"https:\/\/etlp-bue.infd.edu.ar\/sitio\/wp-content\/uploads\/2024\/11\/WhatsApp-Image-2024-09-30-at-16.07.15-1-edited.jpeg\" alt=\"\" class=\"wp-image-2724\" srcset=\"https:\/\/etlp-bue.infd.edu.ar\/sitio\/wp-content\/uploads\/2024\/11\/WhatsApp-Image-2024-09-30-at-16.07.15-1-edited.jpeg 960w, https:\/\/etlp-bue.infd.edu.ar\/sitio\/wp-content\/uploads\/2024\/11\/WhatsApp-Image-2024-09-30-at-16.07.15-1-edited-768x432.jpeg 768w\" sizes=\"(max-width: 960px) 100vw, 960px\" \/><\/figure>\n<\/div>\n\n\n\n<div class=\"wp-block-column is-layout-flow\">\n<p class=\"has-text-align-center\"><strong>ANEXO<\/strong> Calle 2 esq. diag. 77, La Plata<\/p>\n\n\n\n<figure class=\"wp-block-image size-full\"><img decoding=\"async\" loading=\"lazy\" width=\"1280\" height=\"720\" src=\"https:\/\/etlp-bue.infd.edu.ar\/sitio\/wp-content\/uploads\/2024\/11\/WhatsApp-Image-2024-09-30-at-16.01.17-4-edited.jpeg\" alt=\"\" class=\"wp-image-2722\" srcset=\"https:\/\/etlp-bue.infd.edu.ar\/sitio\/wp-content\/uploads\/2024\/11\/WhatsApp-Image-2024-09-30-at-16.01.17-4-edited.jpeg 1280w, https:\/\/etlp-bue.infd.edu.ar\/sitio\/wp-content\/uploads\/2024\/11\/WhatsApp-Image-2024-09-30-at-16.01.17-4-edited-1000x563.jpeg 1000w, https:\/\/etlp-bue.infd.edu.ar\/sitio\/wp-content\/uploads\/2024\/11\/WhatsApp-Image-2024-09-30-at-16.01.17-4-edited-768x432.jpeg 768w\" sizes=\"(max-width: 1280px) 100vw, 1280px\" \/><\/figure>\n<\/div>\n<\/div>\n","protected":false},"excerpt":{"rendered":"<p>La Escuela de Teatro de La Plata (ETLP) es una instituci\u00f3n de Educaci\u00f3n Superior dependiente de la Direcci\u00f3n de Educaci\u00f3n Art\u00edstica de la Direcci\u00f3n General de Cultura y Educaci\u00f3n de la Provincia de Buenos Aires, dedicada a la formaci\u00f3n docente y t\u00e9cnico-profesional en el campo de las artes esc\u00e9nicas. Fue creada en 1948 por el &#8230; <a title=\"Escuela de Teatro La Plata &#8211; Autoridades\" class=\"read-more\" href=\"https:\/\/etlp-bue.infd.edu.ar\/sitio\/datos-institucionales\/\" aria-label=\"More on Escuela de Teatro La Plata &#8211; Autoridades\">[+]<\/a><\/p>\n","protected":false},"author":49,"featured_media":0,"parent":0,"menu_order":0,"comment_status":"closed","ping_status":"closed","template":"","meta":[],"acf":[],"_links":{"self":[{"href":"https:\/\/etlp-bue.infd.edu.ar\/sitio\/wp-json\/wp\/v2\/pages\/782"}],"collection":[{"href":"https:\/\/etlp-bue.infd.edu.ar\/sitio\/wp-json\/wp\/v2\/pages"}],"about":[{"href":"https:\/\/etlp-bue.infd.edu.ar\/sitio\/wp-json\/wp\/v2\/types\/page"}],"author":[{"embeddable":true,"href":"https:\/\/etlp-bue.infd.edu.ar\/sitio\/wp-json\/wp\/v2\/users\/49"}],"replies":[{"embeddable":true,"href":"https:\/\/etlp-bue.infd.edu.ar\/sitio\/wp-json\/wp\/v2\/comments?post=782"}],"version-history":[{"count":37,"href":"https:\/\/etlp-bue.infd.edu.ar\/sitio\/wp-json\/wp\/v2\/pages\/782\/revisions"}],"predecessor-version":[{"id":3821,"href":"https:\/\/etlp-bue.infd.edu.ar\/sitio\/wp-json\/wp\/v2\/pages\/782\/revisions\/3821"}],"wp:attachment":[{"href":"https:\/\/etlp-bue.infd.edu.ar\/sitio\/wp-json\/wp\/v2\/media?parent=782"}],"curies":[{"name":"wp","href":"https:\/\/api.w.org\/{rel}","templated":true}]}}