{"id":792,"date":"2018-08-29T20:21:05","date_gmt":"2018-08-29T23:21:05","guid":{"rendered":"https:\/\/etlp-bue.infd.edu.ar\/sitio\/historia\/"},"modified":"2024-11-12T12:56:25","modified_gmt":"2024-11-12T15:56:25","slug":"historia","status":"publish","type":"page","link":"https:\/\/etlp-bue.infd.edu.ar\/sitio\/historia\/","title":{"rendered":"RESE\u00d1A HIST\u00d3RICA"},"content":{"rendered":"\n<h2 class=\"wp-block-heading\">RESE\u00d1A HIST\u00d3RICA<\/h2>\n\n\n\n<p>La Escuela de Teatro (ETLP) es un <strong>instituto de educaci\u00f3n art\u00edstica superior<\/strong>, dependiente de la DGCyE, espec\u00edficamente de la Direcci\u00f3n de Educaci\u00f3n Art\u00edstica de la Provincia de Buenos Aires. Fue <strong>creada en 1949 por el entonces Coronel Domingo Mercante<\/strong> con el nombre de Conservatorio de M\u00fasica y Arte Esc\u00e9nico.\u00a0<\/p>\n\n\n\n<p>En ese momento, el Director del Conservatorio Alberto Ginastera cont\u00f3 para la organizaci\u00f3n de los planes de estudio con la colaboraci\u00f3n del Director Antonio Cabanellas.&nbsp;<\/p>\n\n\n\n<p>En el a\u00f1o 1960 se produce el desprendimiento del \u00e1rea de Arte Esc\u00e9nico del Conservatorio mediante la creaci\u00f3n de la Escuela de Teatro.&nbsp;<\/p>\n\n\n\n<p>El mandato fundacional fue la formaci\u00f3n de actores. En 1968 se agrega la formaci\u00f3n de Maquilladores y Escen\u00f3grafos. En 1975 se pone en funcionamiento el Curso de Juego Dram\u00e1tico para Docentes, de un a\u00f1o de duraci\u00f3n, con el prop\u00f3sito de proveer a trav\u00e9s del juego teatral, recursos did\u00e1cticos a los maestros de grado de la Escuela Primaria. Dicho Curso funciona con regularidad y una importante demanda hasta el a\u00f1o 1987, fecha en la que es reemplazado por la Carrera de Magisterio de Teatro (Resoluci\u00f3n N\u00b0 14\/ 88) que en tres a\u00f1os de desarrollo otorgaba el t\u00edtulo de Maestro Especial de Teatro. Con un a\u00f1o m\u00e1s de posgrado se obten\u00eda el de Profesor de Educaci\u00f3n Teatral con incumbencia en la Escuela Media. En ese momento hist\u00f3rico se reformula su mandato fundacional para pasar, adem\u00e1s de Instituto T\u00e9cnico Profesional, a ser un Instituto de Formaci\u00f3n Docente. Atendiendo de este modo la demanda de maestrxs de teatro como recurso humano para el Sistema Educativo. Dicho proceso comenz\u00f3 en 1983 con el advenimiento de la democracia. A partir de 1983 se organiza el Centro de Estudiantes, que participa activamente en el Gobierno Escolar y posteriormente en el Dise\u00f1o de la carrera de Magisterio de Teatro, impulsada por el entonces Director de Educaci\u00f3n Art\u00edstica Prof. Mario Carpinetti y su asesor de Teatro Prof. H\u00e9ctor Gonz\u00e1lez. Por esa \u00e9poca se crea el Ciclo Medio de Teatro, con el prop\u00f3sito de ofrecer, a una franja sin cobertura como la etapa adolescente, una pr\u00e1ctica teatral posterior al egreso de la Escuela Primaria y\/o Escuelas de Est\u00e9tica, a la vez que introductoria del Ciclo Superior de la ETLP. En dicho per\u00edodo se constituye el Consejo de Escuela que fue el impulsor de las propuestas de cambio en los planes de estudio de Formaci\u00f3n del Actor, Escenograf\u00eda y maquillaje.&nbsp;<\/p>\n\n\n\n<p>La ETLP ha dictado cursos de capacitaci\u00f3n para maestrxs en actividad y un Profesorado en su especialidad para nivel de Ense\u00f1anza Media. El Juego Dram\u00e1tico para Docentes funcion\u00f3 desde el a\u00f1o 1975 a 1988, su duraci\u00f3n fue de un a\u00f1o. Estuvo dirigido a maestrxs de grado de escuela primaria, con aportes de recursos dram\u00e1ticos para el aula. Se capacitaron 508 maestros. El curso otorgaba una bonificaci\u00f3n en el puntaje para los concursos docentes. Aunque de alcances distintos fue reemplazado por la creaci\u00f3n del Magisterio de Teatro (Resoluci\u00f3n N\u00b0 14\/88). El Profesorado Teatral funcion\u00f3 en el a\u00f1o 1992 y form\u00f3 docentes de teatro para el nivel medio. Su condici\u00f3n de ingreso fue poseer el t\u00edtulo de Maestro Especial de Teatro. Egresaron de esta carrera 23 profesores. Este Profesorado dej\u00f3 de funcionar por cambio de Planes de Estudio. Y paralelamente no se habilitaron los Talleres de Teatro en las Escuelas de Ense\u00f1anza Media limit\u00e1ndose, en consecuencia, las posibilidades de inserci\u00f3n laboral.<\/p>\n\n\n\n<p>Esta situaci\u00f3n <strong>se formaliza reci\u00e9n en el a\u00f1o 1999 con la implementaci\u00f3n de los nuevos Dise\u00f1os Curriculares para la Ense\u00f1anza B\u00e1sica<\/strong>, en consonancia con la formulaci\u00f3n de los CBC\/94 y en el marco de la implementaci\u00f3n de la Ley Federal de Educaci\u00f3n No 24.1995\/93.\u00a0<\/p>\n","protected":false},"excerpt":{"rendered":"<p>RESE\u00d1A HIST\u00d3RICA La Escuela de Teatro (ETLP) es un instituto de educaci\u00f3n art\u00edstica superior, dependiente de la DGCyE, espec\u00edficamente de la Direcci\u00f3n de Educaci\u00f3n Art\u00edstica de la Provincia de Buenos Aires. Fue creada en 1949 por el entonces Coronel Domingo Mercante con el nombre de Conservatorio de M\u00fasica y Arte Esc\u00e9nico.\u00a0 En ese momento, el &#8230; <a title=\"RESE\u00d1A HIST\u00d3RICA\" class=\"read-more\" href=\"https:\/\/etlp-bue.infd.edu.ar\/sitio\/historia\/\" aria-label=\"More on RESE\u00d1A HIST\u00d3RICA\">[+]<\/a><\/p>\n","protected":false},"author":49,"featured_media":0,"parent":0,"menu_order":0,"comment_status":"closed","ping_status":"closed","template":"","meta":[],"acf":[],"_links":{"self":[{"href":"https:\/\/etlp-bue.infd.edu.ar\/sitio\/wp-json\/wp\/v2\/pages\/792"}],"collection":[{"href":"https:\/\/etlp-bue.infd.edu.ar\/sitio\/wp-json\/wp\/v2\/pages"}],"about":[{"href":"https:\/\/etlp-bue.infd.edu.ar\/sitio\/wp-json\/wp\/v2\/types\/page"}],"author":[{"embeddable":true,"href":"https:\/\/etlp-bue.infd.edu.ar\/sitio\/wp-json\/wp\/v2\/users\/49"}],"replies":[{"embeddable":true,"href":"https:\/\/etlp-bue.infd.edu.ar\/sitio\/wp-json\/wp\/v2\/comments?post=792"}],"version-history":[{"count":4,"href":"https:\/\/etlp-bue.infd.edu.ar\/sitio\/wp-json\/wp\/v2\/pages\/792\/revisions"}],"predecessor-version":[{"id":2760,"href":"https:\/\/etlp-bue.infd.edu.ar\/sitio\/wp-json\/wp\/v2\/pages\/792\/revisions\/2760"}],"wp:attachment":[{"href":"https:\/\/etlp-bue.infd.edu.ar\/sitio\/wp-json\/wp\/v2\/media?parent=792"}],"curies":[{"name":"wp","href":"https:\/\/api.w.org\/{rel}","templated":true}]}}