{"id":886,"date":"2018-08-29T20:21:43","date_gmt":"2018-08-29T23:21:43","guid":{"rendered":"https:\/\/etlp-bue.infd.edu.ar\/sitio\/tecnicatura-en-escenografia-2\/"},"modified":"2022-04-11T15:55:48","modified_gmt":"2022-04-11T18:55:48","slug":"tecnicatura-en-escenografia-2","status":"publish","type":"page","link":"https:\/\/etlp-bue.infd.edu.ar\/sitio\/tecnicatura-en-escenografia-2\/","title":{"rendered":"Tecnicatura en Escenograf\u00eda"},"content":{"rendered":"<p style=\"font-weight: 400;\"><strong><u>Tecnicatura en Escenograf\u00eda:<\/u><\/strong><\/p>\n<p style=\"font-weight: 400;\">Es una formaci\u00f3n t\u00e9cnica y epistemol\u00f3gica integral fuertemente anclada al hecho teatral. Con tres a\u00f1os de duraci\u00f3n y un a\u00f1o previo proped\u00e9utico de FoBa que sit\u00faa al ingresante en lo que va a ser el resto de la carrera. Le t\u00e9cnicx Escen\u00f3grafx contar\u00e1 con las herramientas necesarias para situarse en el medio teatral como un profesional con capacidades te\u00f3ricas y pr\u00e1cticas, con\u00a0 la ventaja de tener dentro de su formaci\u00f3n una pr\u00e1ctica profesionalizante integrada en el \u00faltimo a\u00f1o de la carrera a la altura de las exigencias del campo de la producci\u00f3n cultural. Podr\u00e1 dise\u00f1ar y desarrollar un proyecto escenogr\u00e1fico y de iluminaci\u00f3n completo y tener conocimientos como para sugerir propuestas est\u00e9ticas de vestuario.<\/p>\n<p><strong><span style=\"font-size: 14pt;\">Para ver y\/o descargar el plan de estudio hacer click\u00a0<a href=\"https:\/\/docs.google.com\/document\/d\/1BiG8aJKp0R_0eBRnLhJ06SIvG2sbeF1f2I6gLeW7Pfg\/edit?usp=sharing\">ac\u00e1<\/a><\/span><\/strong><\/p>\n","protected":false},"excerpt":{"rendered":"<p>Tecnicatura en Escenograf\u00eda: Es una formaci\u00f3n t\u00e9cnica y epistemol\u00f3gica integral fuertemente anclada al hecho teatral. Con tres a\u00f1os de duraci\u00f3n y un a\u00f1o previo proped\u00e9utico de FoBa que sit\u00faa al ingresante en lo que va a ser el resto de la carrera. Le t\u00e9cnicx Escen\u00f3grafx contar\u00e1 con las herramientas necesarias para situarse en el medio &#8230; <a title=\"Tecnicatura en Escenograf\u00eda\" class=\"read-more\" href=\"https:\/\/etlp-bue.infd.edu.ar\/sitio\/tecnicatura-en-escenografia-2\/\" aria-label=\"More on Tecnicatura en Escenograf\u00eda\">[+]<\/a><\/p>\n","protected":false},"author":49,"featured_media":0,"parent":0,"menu_order":0,"comment_status":"closed","ping_status":"closed","template":"","meta":[],"acf":[],"_links":{"self":[{"href":"https:\/\/etlp-bue.infd.edu.ar\/sitio\/wp-json\/wp\/v2\/pages\/886"}],"collection":[{"href":"https:\/\/etlp-bue.infd.edu.ar\/sitio\/wp-json\/wp\/v2\/pages"}],"about":[{"href":"https:\/\/etlp-bue.infd.edu.ar\/sitio\/wp-json\/wp\/v2\/types\/page"}],"author":[{"embeddable":true,"href":"https:\/\/etlp-bue.infd.edu.ar\/sitio\/wp-json\/wp\/v2\/users\/49"}],"replies":[{"embeddable":true,"href":"https:\/\/etlp-bue.infd.edu.ar\/sitio\/wp-json\/wp\/v2\/comments?post=886"}],"version-history":[{"count":3,"href":"https:\/\/etlp-bue.infd.edu.ar\/sitio\/wp-json\/wp\/v2\/pages\/886\/revisions"}],"predecessor-version":[{"id":1849,"href":"https:\/\/etlp-bue.infd.edu.ar\/sitio\/wp-json\/wp\/v2\/pages\/886\/revisions\/1849"}],"wp:attachment":[{"href":"https:\/\/etlp-bue.infd.edu.ar\/sitio\/wp-json\/wp\/v2\/media?parent=886"}],"curies":[{"name":"wp","href":"https:\/\/api.w.org\/{rel}","templated":true}]}}