{"id":896,"date":"2018-08-29T20:21:46","date_gmt":"2018-08-29T23:21:46","guid":{"rendered":"https:\/\/etlp-bue.infd.edu.ar\/sitio\/foba-adolescente\/"},"modified":"2024-11-20T13:51:49","modified_gmt":"2024-11-20T16:51:49","slug":"foba-adolescente","status":"publish","type":"page","link":"https:\/\/etlp-bue.infd.edu.ar\/sitio\/foba-adolescente\/","title":{"rendered":"Teatro para Adolescentes"},"content":{"rendered":"\n<h2 class=\"wp-block-heading\">Teatro para Adolescentes<\/h2>\n\n\n\n<p>La Formaci\u00f3n B\u00e1sica es una instancia que te invita a transitar el TEATRO, la Estructura Dram\u00e1tica vivenciando, experimentando, investigando y produciendo a trav\u00e9s de diferentes lenguajes art\u00edsticos como ser Actuaci\u00f3n, Movimiento, Pl\u00e1stica, Maquillaje, M\u00fasica, Escenograf\u00eda&nbsp; Voz, Vestuario y mucho m\u00e1s!!.<\/p>\n\n\n\n<p>La propuesta nos invita a habitar y conocer nuestro cuerpo,&nbsp; poner en palabras nuestros propios relatos compartiendo los intereses y problem\u00e1ticas de cada unx, interactuando con lxs otrxs.<\/p>\n\n\n\n<p>A trav\u00e9s de diferentes proyectos compartiremos experiencias hacia dentro de la instituci\u00f3n y tambi\u00e9n en la comunidad, articulando con otros espacios e instituciones educativas.<\/p>\n\n\n\n<p>Esta etapa garantiza una formaci\u00f3n integral y nos prepara con conocimientos s\u00f3lidos para el ingreso a las carreras de Tecnicatura en Actuaci\u00f3n y Profesorado de Teatro, garantizando una educaci\u00f3n art\u00edstica de excelencia y calidad, con perspectiva de g\u00e9nero,&nbsp; inclusiva y para todxs.<\/p>\n\n\n\n<p>Para acceder es necesario ser estudiante de nivel secundario y tener entre 14 y 17 a\u00f1os.<\/p>\n\n\n\n<p>Ven\u00ed a hacer TEATRO!<\/p>\n\n\n\n<p><span style=\"font-size: 14pt;\">Para ver y\/o descargar el plan de estudio hacer click&nbsp;<strong><a href=\"https:\/\/drive.google.com\/open?id=0B8GdnDAihStFVkItc29fUUlOYVE\" target=\"_blank\" rel=\"noopener\">ac\u00e1<\/a><\/strong><\/span><\/p>\n","protected":false},"excerpt":{"rendered":"<p>Teatro para Adolescentes La Formaci\u00f3n B\u00e1sica es una instancia que te invita a transitar el TEATRO, la Estructura Dram\u00e1tica vivenciando, experimentando, investigando y produciendo a trav\u00e9s de diferentes lenguajes art\u00edsticos como ser Actuaci\u00f3n, Movimiento, Pl\u00e1stica, Maquillaje, M\u00fasica, Escenograf\u00eda&nbsp; Voz, Vestuario y mucho m\u00e1s!!. La propuesta nos invita a habitar y conocer nuestro cuerpo,&nbsp; poner en &#8230; <a title=\"Teatro para Adolescentes\" class=\"read-more\" href=\"https:\/\/etlp-bue.infd.edu.ar\/sitio\/foba-adolescente\/\" aria-label=\"More on Teatro para Adolescentes\">[+]<\/a><\/p>\n","protected":false},"author":49,"featured_media":0,"parent":0,"menu_order":0,"comment_status":"closed","ping_status":"closed","template":"","meta":[],"acf":[],"_links":{"self":[{"href":"https:\/\/etlp-bue.infd.edu.ar\/sitio\/wp-json\/wp\/v2\/pages\/896"}],"collection":[{"href":"https:\/\/etlp-bue.infd.edu.ar\/sitio\/wp-json\/wp\/v2\/pages"}],"about":[{"href":"https:\/\/etlp-bue.infd.edu.ar\/sitio\/wp-json\/wp\/v2\/types\/page"}],"author":[{"embeddable":true,"href":"https:\/\/etlp-bue.infd.edu.ar\/sitio\/wp-json\/wp\/v2\/users\/49"}],"replies":[{"embeddable":true,"href":"https:\/\/etlp-bue.infd.edu.ar\/sitio\/wp-json\/wp\/v2\/comments?post=896"}],"version-history":[{"count":5,"href":"https:\/\/etlp-bue.infd.edu.ar\/sitio\/wp-json\/wp\/v2\/pages\/896\/revisions"}],"predecessor-version":[{"id":2842,"href":"https:\/\/etlp-bue.infd.edu.ar\/sitio\/wp-json\/wp\/v2\/pages\/896\/revisions\/2842"}],"wp:attachment":[{"href":"https:\/\/etlp-bue.infd.edu.ar\/sitio\/wp-json\/wp\/v2\/media?parent=896"}],"curies":[{"name":"wp","href":"https:\/\/api.w.org\/{rel}","templated":true}]}}